{"id":2007,"date":"2023-08-03T08:44:23","date_gmt":"2023-08-03T08:44:23","guid":{"rendered":"https:\/\/development.kingscorner.es\/?page_id=2007"},"modified":"2023-10-31T08:57:15","modified_gmt":"2023-10-31T08:57:15","slug":"politica-de-cookies","status":"publish","type":"page","link":"https:\/\/development.kingscorner.es\/en\/politica-de-cookies\/","title":{"rendered":"Pol\u00edtica de cookies"},"content":{"rendered":"<div data-elementor-type=\"wp-page\" data-elementor-id=\"2007\" class=\"elementor elementor-2007\">\n\t\t\t\t<div class=\"elementor-element elementor-element-9c8208e e-flex e-con-boxed wpr-particle-no wpr-jarallax-no wpr-parallax-no wpr-sticky-section-no wpr-column-slider-no wpr-equal-height-no e-con e-parent\" data-id=\"9c8208e\" data-element_type=\"container\" data-e-type=\"container\" data-settings=\"{&quot;background_background&quot;:&quot;gradient&quot;}\">\n\t\t\t\t\t<div class=\"e-con-inner\">\n\t\t\t\t<div class=\"elementor-element elementor-element-d1f74bc elementor-widget elementor-widget-heading\" data-id=\"d1f74bc\" data-element_type=\"widget\" data-e-type=\"widget\" data-widget_type=\"heading.default\">\n\t\t\t\t<div class=\"elementor-widget-container\">\n\t\t\t\t\t<h1 class=\"elementor-heading-title elementor-size-default\">Pol\u00edtica de cookies<\/h1>\t\t\t\t<\/div>\n\t\t\t\t<\/div>\n\t\t\t\t<div class=\"elementor-element elementor-element-c9e7530 elementor-widget elementor-widget-text-editor\" data-id=\"c9e7530\" data-element_type=\"widget\" data-e-type=\"widget\" data-widget_type=\"text-editor.default\">\n\t\t\t\t<div class=\"elementor-widget-container\">\n\t\t\t\t\t\t\t\t\t<ul>\n<li><strong>Procedimiento<\/strong>: Para recoger datos personales y comunicaciones electr\u00f3nicas.<\/li>\n<li><strong>Instrucci\u00f3n<\/strong>: Aviso Legal y Condiciones de Uso de la web corporativa.<\/li>\n<li><strong>Descripci\u00f3n<\/strong>: Aviso Legal y Condiciones de Uso de la web corporativa.<\/li>\n<li><strong>Obligado<\/strong>: Responsable de Seguridad.<\/li>\n<li><strong>Responsable<\/strong>: Responsable de Seguridad.<\/li>\n<li><strong>Support<\/strong>: <a href=\"https:\/\/development.kingscorner.es\/en\/\">www.development.kingscorner.es.<\/a><\/li>\n<\/ul>\n<div id=\"simple-page-content\">\n<div class=\"wp-container-1 wp-block-group section\">\n<div class=\"wp-block-group__inner-container\">\n<h2>&nbsp;<\/h2>\n<h2><strong>Pol\u00edtica de cookies<\/strong><\/h2>\n<p>Utilizamos cookies propias y de terceros para almacenar y administrar las preferencias del Usuario, habilitar contenido, recolectar datos anal\u00edticos y de uso, as\u00ed como garantizar el correcto funcionamiento de esta web. Puede obtener m\u00e1s informaci\u00f3n en nuestra&nbsp;<strong>Cookie Policy<\/strong>.<\/p>\n<h3>&nbsp;<\/h3>\n<h3><strong>Concepto de Cookies<\/strong><\/h3>\n<p>Las cookies constituyen una herramienta empleada por los servidores Web para almacenar y recuperar informaci\u00f3n acerca de sus visitantes o usuarios.<\/p>\n<p>No es m\u00e1s que un fichero de texto que algunos servidores instalan durante la navegaci\u00f3n y que permiten conocer informaci\u00f3n como por ejemplo: el lugar desde el que accede, el tiempo de conexi\u00f3n, el dispositivo desde el que accede (fijo o m\u00f3vil), el sistema operativo y navegador utilizados, las p\u00e1ginas m\u00e1s visitadas, el n\u00famero de clicks realizados y de datos respecto al comportamiento del usuario en Internet.<\/p>\n<p>No proporcionan referencias que permitan deducir el nombre y apellidos del usuario y no pueden leer datos de su disco duro ni incluir virus en sus equipos.<\/p>\n<p>Asimismo, no puede leer las cookies implantadas en el disco duro del usuario desde otros servidores.<\/p>\n<h3>&nbsp;<\/h3>\n<h3><strong>\u00bfPor qu\u00e9 son importantes?<\/strong><\/h3>\n<p>El sitio web es accesible sin necesidad de que las cookies est\u00e9n activadas, si bien, su desactivaci\u00f3n puede impedir su funcionamiento correcto.<\/p>\n<p>Desde un punto de vista t\u00e9cnico las cookies permiten que los sitios web funcionen de forma m\u00e1s \u00e1gil y adaptada a las preferencias de los usuarios, como por ejemplo almacenar el idioma, la moneda del pa\u00eds o detectar el dispositivo de acceso.<\/p>\n<p>Establecen niveles de protecci\u00f3n y seguridad que Impiden o dificultan ciberataques contra el sitio web o sus usuarios.<\/p>\n<p>Permiten que los gestores de los medios puedan conocer datos estad\u00edsticos recopilados para mejorar la calidad y experiencia de sus servicios.<\/p>\n<p>Sirven para optimizar la publicidad que mostramos a los usuarios, ofreciendo la que m\u00e1s se ajusta a sus intereses.<\/p>\n<p>Autorizaci\u00f3n para el uso de cookies<\/p>\n<p>En el sitio web aparece un Aviso de Cookies que el usuario o visitante puede aceptar, consintiendo expresamente al uso de las cookies seg\u00fan se indica a continuaci\u00f3n.<\/p>\n<p>El usuario puede configurar su navegador para rechazar por defecto todas las cookies o para recibir un aviso en pantalla de la recepci\u00f3n de cada cookie y decidir sobre su instalaci\u00f3n o no en su disco duro.<\/p>\n<h2>&nbsp;<\/h2>\n<h2><strong>Configuraci\u00f3n del navegador<\/strong><\/h2>\n<p><strong>KINGS CORNER DEVELOPMENT S.L<\/strong>., con C.I.F. B98762800 recuerda a sus usuarios que el uso de cookies podr\u00e1 estar sujeto a su aceptaci\u00f3n durante la instalaci\u00f3n o actualizaci\u00f3n del navegador utilizado por \u00e9stos.<\/p>\n<p>Pol\u00edtica de cookies de&nbsp;<strong>KINGS CORNER DEVELOPMENT S.L.<\/strong><\/p>\n<p>Esta aceptaci\u00f3n podr\u00e1 ser revocada mediante las opciones de configuraci\u00f3n de contenidos y privacidad disponibles en el mismo. El Titular recomienda a sus usuarios que consulten la ayuda de su navegador o acceda a las p\u00e1ginas web de ayuda de los principales navegadores: Firefox, Internet Explorer, Safari, Chrome.<\/p>\n<p>Si desea m\u00e1s informaci\u00f3n acerca de c\u00f3mo revocar el consentimiento prestado o sobre el procedimiento para deshabilitar las cookies, as\u00ed como realizar alguna pregunta sobre la Pol\u00edtica de Cookies, puede contactar con el titular a trav\u00e9s de la siguiente direcci\u00f3n de correo electr\u00f3nico<\/p>\n<p><a href=\"mailto:zaragoza@kingscorner.es\">zaragoza@kingscorner.es<\/a>&nbsp;&nbsp;indicando \u201cPol\u00edtica de Cookies\u201d en el asunto.<\/p>\n<h3>&nbsp;<\/h3>\n<h3><strong>Tipos de Cookies que se utilizan en la Web<\/strong><\/h3>\n<p>El usuario que navega por la Web puede encontrar cookies insertadas directamente por el titular, o bien cookies insertadas por entidades distintas al titular, seg\u00fan lo detallado en los siguientes apartados:<\/p>\n<ul>\n<li><strong>Cookies de sesi\u00f3n<\/strong>, expiran cuando el usuario abandona la p\u00e1gina o cierra el navegador, es decir, est\u00e1n activas mientras dura la visita al sitio web y por tanto son borradas de nuestro ordenador al abandonarlo.<\/li>\n<li><strong>Cookies permanentes<\/strong>, expiran cuando se cumple el objetivo para el que sirven o bien cuando se borran manualmente, tienen fecha de borrado y se utilizan normalmente en proceso de compra online, personalizaciones o en el registro, para no tener que introducir una contrase\u00f1a constantemente.<\/li>\n<\/ul>\n<p>Seg\u00fan la entidad que gestiona el equipo o dominio desde donde se env\u00edan las cookies y trata los datos que se obtengan, podemos distinguir entre Cookies propias y de terceros.<\/p>\n<ul>\n<li><strong>Cookies propias<\/strong> son aquellas cookies que son enviadas al ordenador del usuario y son gestionadas exclusivamente por nosotros para el mejor funcionamiento del Sitio Web. La informaci\u00f3n que recabamos se emplea para mejorar la calidad de nuestro servicio y tu experiencia como usuario.<\/li>\n<li>Cookies de terceros, cuando el usuario interact\u00faa con el contenido de nuestro sitio Web tambi\u00e9n pueden establecerse cookies de terceros (por ejemplo, al pulsar botones de redes sociales o visionar v\u00eddeos alojados en otro sitio web), que son aquellas establecidas por un dominio diferente de nuestro Sitio Web. No podemos acceder a los datos almacenados en las cookies de otros sitios web cuando navegues en los citados sitios web.<\/li>\n<\/ul>\n<\/div>\n<\/div>\n<\/div>\t\t\t\t\t\t\t\t<\/div>\n\t\t\t\t<\/div>\n\t\t\t\t\t<\/div>\n\t\t\t\t<\/div>\n\t\t\t\t<\/div>","protected":false},"excerpt":{"rendered":"<p>Pol\u00edtica de cookies Procedimiento: Para recoger datos personales y comunicaciones electr\u00f3nicas. Instrucci\u00f3n: Aviso Legal y Condiciones de Uso de la web corporativa. Descripci\u00f3n: Aviso Legal y Condiciones de Uso de la web corporativa. Obligado: Responsable de Seguridad. Responsable: Responsable de Seguridad. Soporte: www.development.kingscorner.es. &nbsp; Pol\u00edtica de cookies Utilizamos cookies propias y de terceros para almacenar<\/p>","protected":false},"author":1,"featured_media":0,"parent":0,"menu_order":0,"comment_status":"closed","ping_status":"closed","template":"","meta":{"site-sidebar-layout":"no-sidebar","site-content-layout":"page-builder","ast-site-content-layout":"full-width-container","site-content-style":"unboxed","site-sidebar-style":"unboxed","ast-global-header-display":"","ast-banner-title-visibility":"","ast-main-header-display":"","ast-hfb-above-header-display":"","ast-hfb-below-header-display":"","ast-hfb-mobile-header-display":"","site-post-title":"disabled","ast-breadcrumbs-content":"","ast-featured-img":"disabled","footer-sml-layout":"","ast-disable-related-posts":"","theme-transparent-header-meta":"","adv-header-id-meta":"","stick-header-meta":"","header-above-stick-meta":"","header-main-stick-meta":"","header-below-stick-meta":"","astra-migrate-meta-layouts":"set","ast-page-background-enabled":"default","ast-page-background-meta":{"desktop":{"background-color":"var(--ast-global-color-4)","background-image":"","background-repeat":"repeat","background-position":"center center","background-size":"auto","background-attachment":"scroll","background-type":"","background-media":"","overlay-type":"","overlay-color":"","overlay-opacity":"","overlay-gradient":""},"tablet":{"background-color":"","background-image":"","background-repeat":"repeat","background-position":"center center","background-size":"auto","background-attachment":"scroll","background-type":"","background-media":"","overlay-type":"","overlay-color":"","overlay-opacity":"","overlay-gradient":""},"mobile":{"background-color":"","background-image":"","background-repeat":"repeat","background-position":"center center","background-size":"auto","background-attachment":"scroll","background-type":"","background-media":"","overlay-type":"","overlay-color":"","overlay-opacity":"","overlay-gradient":""}},"ast-content-background-meta":{"desktop":{"background-color":"var(--ast-global-color-5)","background-image":"","background-repeat":"repeat","background-position":"center center","background-size":"auto","background-attachment":"scroll","background-type":"","background-media":"","overlay-type":"","overlay-color":"","overlay-opacity":"","overlay-gradient":""},"tablet":{"background-color":"var(--ast-global-color-5)","background-image":"","background-repeat":"repeat","background-position":"center center","background-size":"auto","background-attachment":"scroll","background-type":"","background-media":"","overlay-type":"","overlay-color":"","overlay-opacity":"","overlay-gradient":""},"mobile":{"background-color":"var(--ast-global-color-5)","background-image":"","background-repeat":"repeat","background-position":"center center","background-size":"auto","background-attachment":"scroll","background-type":"","background-media":"","overlay-type":"","overlay-color":"","overlay-opacity":"","overlay-gradient":""}},"footnotes":""},"class_list":["post-2007","page","type-page","status-publish","hentry"],"yoast_head":"<!-- This site is optimized with the Yoast SEO plugin v27.6 - https:\/\/yoast.com\/product\/yoast-seo-wordpress\/ -->\n<title>Pol\u00edtica de cookies - Kings Corner Development<\/title>\n<meta name=\"robots\" content=\"noindex, follow\" \/>\n<meta property=\"og:locale\" content=\"en_GB\" \/>\n<meta property=\"og:type\" content=\"article\" \/>\n<meta property=\"og:title\" content=\"Pol\u00edtica de cookies - Kings Corner Development\" \/>\n<meta property=\"og:description\" content=\"Pol\u00edtica de cookies Procedimiento: Para recoger datos personales y comunicaciones electr\u00f3nicas. Instrucci\u00f3n: Aviso Legal y Condiciones de Uso de la web corporativa. Descripci\u00f3n: Aviso Legal y Condiciones de Uso de la web corporativa. Obligado: Responsable de Seguridad. Responsable: Responsable de Seguridad. Soporte: www.development.kingscorner.es. &nbsp; Pol\u00edtica de cookies Utilizamos cookies propias y de terceros para almacenar\" \/>\n<meta property=\"og:url\" content=\"https:\/\/development.kingscorner.es\/en\/politica-de-cookies\/\" \/>\n<meta property=\"og:site_name\" content=\"Kings Corner Development\" \/>\n<meta property=\"article:modified_time\" content=\"2023-10-31T08:57:15+00:00\" \/>\n<meta name=\"twitter:card\" content=\"summary_large_image\" \/>\n<meta name=\"twitter:label1\" content=\"Estimated reading time\" \/>\n\t<meta name=\"twitter:data1\" content=\"4 minutes\" \/>\n<script type=\"application\/ld+json\" class=\"yoast-schema-graph\">{\"@context\":\"https:\\\/\\\/schema.org\",\"@graph\":[{\"@type\":\"WebPage\",\"@id\":\"https:\\\/\\\/development.kingscorner.es\\\/politica-de-cookies\\\/\",\"url\":\"https:\\\/\\\/development.kingscorner.es\\\/politica-de-cookies\\\/\",\"name\":\"Pol\u00edtica de cookies - Kings Corner Development\",\"isPartOf\":{\"@id\":\"https:\\\/\\\/development.kingscorner.es\\\/#website\"},\"datePublished\":\"2023-08-03T08:44:23+00:00\",\"dateModified\":\"2023-10-31T08:57:15+00:00\",\"breadcrumb\":{\"@id\":\"https:\\\/\\\/development.kingscorner.es\\\/politica-de-cookies\\\/#breadcrumb\"},\"inLanguage\":\"en-GB\",\"potentialAction\":[{\"@type\":\"ReadAction\",\"target\":[\"https:\\\/\\\/development.kingscorner.es\\\/politica-de-cookies\\\/\"]}]},{\"@type\":\"BreadcrumbList\",\"@id\":\"https:\\\/\\\/development.kingscorner.es\\\/politica-de-cookies\\\/#breadcrumb\",\"itemListElement\":[{\"@type\":\"ListItem\",\"position\":1,\"name\":\"Portada\",\"item\":\"https:\\\/\\\/development.kingscorner.es\\\/\"},{\"@type\":\"ListItem\",\"position\":2,\"name\":\"Pol\u00edtica de cookies\"}]},{\"@type\":\"WebSite\",\"@id\":\"https:\\\/\\\/development.kingscorner.es\\\/#website\",\"url\":\"https:\\\/\\\/development.kingscorner.es\\\/\",\"name\":\"Kings Corner Development\",\"description\":\"Kings Corner Development. Las mejores soluciones e-learning para tu empresa\",\"publisher\":{\"@id\":\"https:\\\/\\\/development.kingscorner.es\\\/#organization\"},\"potentialAction\":[{\"@type\":\"SearchAction\",\"target\":{\"@type\":\"EntryPoint\",\"urlTemplate\":\"https:\\\/\\\/development.kingscorner.es\\\/?s={search_term_string}\"},\"query-input\":{\"@type\":\"PropertyValueSpecification\",\"valueRequired\":true,\"valueName\":\"search_term_string\"}}],\"inLanguage\":\"en-GB\"},{\"@type\":\"Organization\",\"@id\":\"https:\\\/\\\/development.kingscorner.es\\\/#organization\",\"name\":\"Kings Corner Development\",\"url\":\"https:\\\/\\\/development.kingscorner.es\\\/\",\"logo\":{\"@type\":\"ImageObject\",\"inLanguage\":\"en-GB\",\"@id\":\"https:\\\/\\\/development.kingscorner.es\\\/#\\\/schema\\\/logo\\\/image\\\/\",\"url\":\"https:\\\/\\\/development.kingscorner.es\\\/wp-content\\\/uploads\\\/2023\\\/07\\\/logo-kings-corner-development.svg\",\"contentUrl\":\"https:\\\/\\\/development.kingscorner.es\\\/wp-content\\\/uploads\\\/2023\\\/07\\\/logo-kings-corner-development.svg\",\"width\":192,\"height\":42,\"caption\":\"Kings Corner Development\"},\"image\":{\"@id\":\"https:\\\/\\\/development.kingscorner.es\\\/#\\\/schema\\\/logo\\\/image\\\/\"}}]}<\/script>\n<!-- \/ Yoast SEO plugin. -->","yoast_head_json":{"title":"Pol\u00edtica de cookies - Kings Corner Development","robots":{"index":"noindex","follow":"follow"},"og_locale":"en_GB","og_type":"article","og_title":"Pol\u00edtica de cookies - Kings Corner Development","og_description":"Pol\u00edtica de cookies Procedimiento: Para recoger datos personales y comunicaciones electr\u00f3nicas. Instrucci\u00f3n: Aviso Legal y Condiciones de Uso de la web corporativa. Descripci\u00f3n: Aviso Legal y Condiciones de Uso de la web corporativa. Obligado: Responsable de Seguridad. Responsable: Responsable de Seguridad. Soporte: www.development.kingscorner.es. &nbsp; Pol\u00edtica de cookies Utilizamos cookies propias y de terceros para almacenar","og_url":"https:\/\/development.kingscorner.es\/en\/politica-de-cookies\/","og_site_name":"Kings Corner Development","article_modified_time":"2023-10-31T08:57:15+00:00","twitter_card":"summary_large_image","twitter_misc":{"Estimated reading time":"4 minutes"},"schema":{"@context":"https:\/\/schema.org","@graph":[{"@type":"WebPage","@id":"https:\/\/development.kingscorner.es\/politica-de-cookies\/","url":"https:\/\/development.kingscorner.es\/politica-de-cookies\/","name":"Pol\u00edtica de cookies - Kings Corner Development","isPartOf":{"@id":"https:\/\/development.kingscorner.es\/#website"},"datePublished":"2023-08-03T08:44:23+00:00","dateModified":"2023-10-31T08:57:15+00:00","breadcrumb":{"@id":"https:\/\/development.kingscorner.es\/politica-de-cookies\/#breadcrumb"},"inLanguage":"en-GB","potentialAction":[{"@type":"ReadAction","target":["https:\/\/development.kingscorner.es\/politica-de-cookies\/"]}]},{"@type":"BreadcrumbList","@id":"https:\/\/development.kingscorner.es\/politica-de-cookies\/#breadcrumb","itemListElement":[{"@type":"ListItem","position":1,"name":"Portada","item":"https:\/\/development.kingscorner.es\/"},{"@type":"ListItem","position":2,"name":"Pol\u00edtica de cookies"}]},{"@type":"WebSite","@id":"https:\/\/development.kingscorner.es\/#website","url":"https:\/\/development.kingscorner.es\/","name":"Kings Corner Development","description":"Kings Corner Development. Las mejores soluciones e-learning para tu empresa","publisher":{"@id":"https:\/\/development.kingscorner.es\/#organization"},"potentialAction":[{"@type":"SearchAction","target":{"@type":"EntryPoint","urlTemplate":"https:\/\/development.kingscorner.es\/?s={search_term_string}"},"query-input":{"@type":"PropertyValueSpecification","valueRequired":true,"valueName":"search_term_string"}}],"inLanguage":"en-GB"},{"@type":"Organization","@id":"https:\/\/development.kingscorner.es\/#organization","name":"Kings Corner Development","url":"https:\/\/development.kingscorner.es\/","logo":{"@type":"ImageObject","inLanguage":"en-GB","@id":"https:\/\/development.kingscorner.es\/#\/schema\/logo\/image\/","url":"https:\/\/development.kingscorner.es\/wp-content\/uploads\/2023\/07\/logo-kings-corner-development.svg","contentUrl":"https:\/\/development.kingscorner.es\/wp-content\/uploads\/2023\/07\/logo-kings-corner-development.svg","width":192,"height":42,"caption":"Kings Corner Development"},"image":{"@id":"https:\/\/development.kingscorner.es\/#\/schema\/logo\/image\/"}}]}},"_links":{"self":[{"href":"https:\/\/development.kingscorner.es\/en\/wp-json\/wp\/v2\/pages\/2007","targetHints":{"allow":["GET"]}}],"collection":[{"href":"https:\/\/development.kingscorner.es\/en\/wp-json\/wp\/v2\/pages"}],"about":[{"href":"https:\/\/development.kingscorner.es\/en\/wp-json\/wp\/v2\/types\/page"}],"author":[{"embeddable":true,"href":"https:\/\/development.kingscorner.es\/en\/wp-json\/wp\/v2\/users\/1"}],"replies":[{"embeddable":true,"href":"https:\/\/development.kingscorner.es\/en\/wp-json\/wp\/v2\/comments?post=2007"}],"version-history":[{"count":11,"href":"https:\/\/development.kingscorner.es\/en\/wp-json\/wp\/v2\/pages\/2007\/revisions"}],"predecessor-version":[{"id":3223,"href":"https:\/\/development.kingscorner.es\/en\/wp-json\/wp\/v2\/pages\/2007\/revisions\/3223"}],"wp:attachment":[{"href":"https:\/\/development.kingscorner.es\/en\/wp-json\/wp\/v2\/media?parent=2007"}],"curies":[{"name":"wp","href":"https:\/\/api.w.org\/{rel}","templated":true}]}}