{"id":2022,"date":"2023-08-03T09:06:22","date_gmt":"2023-08-03T09:06:22","guid":{"rendered":"https:\/\/development.kingscorner.es\/?page_id=2022"},"modified":"2023-10-31T08:58:20","modified_gmt":"2023-10-31T08:58:20","slug":"aviso-legal","status":"publish","type":"page","link":"https:\/\/development.kingscorner.es\/en\/aviso-legal\/","title":{"rendered":"Legal advice"},"content":{"rendered":"<div data-elementor-type=\"wp-page\" data-elementor-id=\"2022\" class=\"elementor elementor-2022\">\n\t\t\t\t<div class=\"elementor-element elementor-element-c5431bd e-flex e-con-boxed wpr-particle-no wpr-jarallax-no wpr-parallax-no wpr-sticky-section-no wpr-column-slider-no wpr-equal-height-no e-con e-parent\" data-id=\"c5431bd\" data-element_type=\"container\" data-e-type=\"container\" data-settings=\"{&quot;background_background&quot;:&quot;gradient&quot;}\">\n\t\t\t\t\t<div class=\"e-con-inner\">\n\t\t\t\t<div class=\"elementor-element elementor-element-e7ed1e9 elementor-widget elementor-widget-heading\" data-id=\"e7ed1e9\" data-element_type=\"widget\" data-e-type=\"widget\" data-widget_type=\"heading.default\">\n\t\t\t\t<div class=\"elementor-widget-container\">\n\t\t\t\t\t<h1 class=\"elementor-heading-title elementor-size-default\">Aviso legal<\/h1>\t\t\t\t<\/div>\n\t\t\t\t<\/div>\n\t\t\t\t<div class=\"elementor-element elementor-element-47ae22c elementor-widget elementor-widget-text-editor\" data-id=\"47ae22c\" data-element_type=\"widget\" data-e-type=\"widget\" data-widget_type=\"text-editor.default\">\n\t\t\t\t<div class=\"elementor-widget-container\">\n\t\t\t\t\t\t\t\t\t<ul><li><strong>Procedimiento<\/strong>: Para recoger datos personales y comunicaciones electr\u00f3nicas.<\/li><li><strong>Instrucci\u00f3n<\/strong>: Aviso Legal y Condiciones de Uso de la web corporativa.<\/li><li><strong>Descripci\u00f3n<\/strong>: Aviso Legal y Condiciones de Uso de la web corporativa.<\/li><li><strong>Obligado<\/strong>: Responsable de Seguridad.<\/li><li><strong>Responsable<\/strong>: Responsable de Seguridad.<\/li><li><strong>Support<\/strong>: <a href=\"https:\/\/development.kingscorner.es\/en\/\">www.development.kingscorner.es.<\/a><\/li><\/ul><h2>\u00a0<\/h2><h2><strong>Condiciones de uso<\/strong><\/h2><p>En cumplimiento de la Ley 34\/2002, de 11 de julio, de servicios de la sociedad de la informaci\u00f3n y de comercio electr\u00f3nico\u00a0<strong>KINGS CORNER DEVELOPMENT S.L<\/strong>., con C.I.F. B98762800 y domicilio en C\/ ALEJANDRO CASONA 3 LOCAL, ZARAGOZA, CP 50018, provincia de Zaragoza es titular del sitio web <a href=\"https:\/\/development.kingscorner.es\/en\/\">www.development.kingscorner.es<\/a> La direcci\u00f3n de correo electr\u00f3nico de contacto con la empresa es:\u00a0<a href=\"mailto:development@kingscorner.es\">development@kingscorner.es<\/a><\/p><h2>\u00a0<\/h2><h2><strong>Usuario y r\u00e9gimen de responsabilidades<\/strong><\/h2><p>La navegaci\u00f3n por, acceso y uso de los sitios web de\u00a0<strong>KINGS CORNER DEVELOPMENT S.L<\/strong>\u00a0otorga la condici\u00f3n de usuario, por la que se aceptan, al navegar por la p\u00e1gina de\u00a0<strong>KINGS CORNER DEVELOPMENT\u00a0 S.L<\/strong>\u00a0todas las condiciones de uso que se establecen aqu\u00ed sin perjudicar la aplicaci\u00f3n de la correspondiente normativa de obligado cumplimiento legal seg\u00fan el caso.<\/p><p>La p\u00e1gina web de\u00a0<strong>KINGS CORNER DEVELOPMENT S.L<\/strong>\u00a0proporciona gran diversidad de informaci\u00f3n, servicios y datos. El usuario asume su responsabilidad en el uso correcto de los sitios web. Esta responsabilidad se extender\u00e1 a: La veracidad y licitud de las informaciones aportadas por el usuario en los formularios o mail emitidos por\u00a0<strong>KINGS CORNER DEVELOPMENT S.L<\/strong>\u00a0para acceder a determinados contenidos o servicios ofrecidos por la web.<\/p><p>El uso de la informaci\u00f3n, servicios y datos ofrecidos por\u00a0<strong>KINGS CORNER DEVELOPMENT S.L<\/strong>\u00a0contra las disposiciones de estas condiciones, la Ley, la moral, las buenas costumbres o el orden p\u00fablico o que, en otro caso, puedan suponer lesi\u00f3n de los derechos de terceros o del funcionamiento de los sitios web. A tal efecto, el Usuario se abstendr\u00e1 de utilizar cualquiera de los contenidos con fines o efectos il\u00edcitos, prohibidos en este texto, lesivos de los derechos e intereses de terceros, o que de cualquier forma puedan da\u00f1ar, inutilizar, sobrecargar, deteriorar o impedir la normal utilizaci\u00f3n de los contenidos, otros Usuarios o de cualquier usuario de Internet (hardware y software).<\/p><p>Los usuarios responder\u00e1n de los da\u00f1os y perjuicios de toda naturaleza que la empresa propietaria de la web pueda sufrir, directa o indirectamente, como consecuencia de incumplimiento de cualquiera de las obligaciones derivadas del uso de la Web y de esta pol\u00edtica de privacidad.<\/p><p>En particular, ya t\u00edtulo meramente indicativo y no exhaustivo, el Usuario se compromete a no transmitir, difundir o poner a disposici\u00f3n de terceros informaciones, datos, contenidos, mensajes, gr\u00e1ficos, dibujos, archivos de sonido y\/o imagen, fotograf\u00edas de la web.<\/p><h2><strong>\u00a0<\/strong><\/h2><h2><strong>Pol\u00edtica de enlaces y exenciones de responsabilidad<\/strong><\/h2><p><strong>KINGS CORNER DEVELOPMENT S.L<\/strong>\u00a0no se hace responsable del contenido de las p\u00e1ginas web a las que pueda acceder el usuario a trav\u00e9s de los enlaces establecidos en sus sitios web y declara que en ning\u00fan caso examinar\u00e1 ni ejercitar\u00e1 ning\u00fan tipo de control sobre el contenido de otras p\u00e1ginas de la red.<\/p><p>Asimismo, tampoco garantiza la disponibilidad t\u00e9cnica, exactitud, veracidad, validez o legalidad de p\u00e1ginas ajenas a su propiedad a las que se pueda acceder a trav\u00e9s de los enlaces.<\/p><p><strong>KINGS CORNER DEVELOPMENT S.L<\/strong>\u00a0declara que ha adoptado todas las medidas necesarias para evitar cualquier da\u00f1o que pueda derivarse de la navegaci\u00f3n por sus p\u00e1ginas web. En consecuencia,<strong> KINGS CORNER DEVELOPMENT S.L<\/strong>\u00a0no se hace responsable, en ning\u00fan caso, de los eventuales da\u00f1os que pueda sufrir el usuario a causa de la navegaci\u00f3n por Internet.<\/p><p><strong>KINGS CORNER DEVELOPMENT S.L<\/strong>\u00a0no se responsabiliza de los da\u00f1os o perjuicios de cualquier tipo producidos en el Usuario que traigan causa de fallos o desconexiones en las redes de telecomunicaciones que produzcan la suspensi\u00f3n, cancelaci\u00f3n, instalaci\u00f3n o interrupci\u00f3n del servicio de la web durante la prestaci\u00f3n del mismo o con car\u00e1cter previo.<\/p><p>El acceso a la web:\u00a0<a href=\"https:\/\/development.kingscorner.es\/en\/\">www.development.kingscorner.es<\/a>\u00a0no implica la obligaci\u00f3n por parte de la empresa de controlar la ausencia de virus o cualquier otro elemento inform\u00e1tico da\u00f1ino. Corresponde al Usuario, en todo caso, la disponibilidad de herramientas adecuadas para la detecci\u00f3n y desinfecci\u00f3n de programas inform\u00e1ticos da\u00f1inos.<\/p><p><strong>KINGS CORNER DEVELOPMENT S.L<\/strong>\u00a0no se responsabiliza de los da\u00f1os producidos en los equipos inform\u00e1ticos, documentos y\/o ficheros de los Usuarios o de terceros durante la prestaci\u00f3n del servicio en el Portal.<\/p><h2><strong>\u00a0<\/strong><\/h2><h2><strong>Publicidad<\/strong><\/h2><p>La web:\u00a0<a href=\"https:\/\/development.kingscorner.es\/en\/\">www.development.kingscorner.es<\/a> podr\u00e1 alojar contenidos publicitarios o patrocinados. Los anunciantes o patrocinadores son los \u00fanicos responsables de asegurarse que el material remitido para su inclusi\u00f3n en la web cumple con las leyes que en cada caso puedan ser de aplicaci\u00f3n.<\/p><p><a href=\"https:\/\/development.kingscorner.es\/en\/\">www.development.kingscorner.es<\/a>\u00a0\u00a0no ser\u00e1 responsable de cualquier error, inexactitud o irregularidad que puedan contener los contenidos publicitarios o de los patrocinadores.<\/p><h2><strong>\u00a0<\/strong><\/h2><h2><strong>Modificaciones<\/strong><\/h2><p><strong>KINGS CORNER DEVELOPMENT S.L<\/strong>\u00a0se reserva el derecho a realizar las modificaciones que considere oportunas, sin aviso previo, en el contenido de sus sitios web, tanto en cuanto a los contenidos de los sitios web como por sus condiciones de uso o por las condiciones generales de contrataci\u00f3n. Dichas modificaciones podr\u00e1n realizarse, a trav\u00e9s de sus sitios web, de cualquier forma admisible en derecho y ser\u00e1n de obligado cumplimiento durante el tiempo que est\u00e9n publicadas en la web y hasta que no sean modificadas por otras posteriores.<\/p><p>El usuario se compromete a abstenerse de reproducir, copiar, distribuir, poner a disposici\u00f3n o de cualquier otra forma comunicar p\u00fablicamente, transformar o modificar los Contenidos, a menos que se cuente con la autorizaci\u00f3n del titular de los correspondientes derechos o ello<\/p><h2><strong>\u00a0<\/strong><\/h2><h2><strong>Propiedad intelectual<\/strong><\/h2><p>Los derechos de propiedad intelectual e industrial derivados de todos los textos, im\u00e1genes, as\u00ed como de los medios y formas de presentaci\u00f3n y montaje de sus p\u00e1ginas pertenecen, por s\u00ed mismos o como cesionaria, a\u00a0<strong>KINGS CORNER DEVELOPMENT S.L<\/strong>\u00a0Ser\u00e1n, por tanto, obras protegidas con propiedad intelectual por el ordenamiento jur\u00eddico espa\u00f1ol y se les podr\u00e1 aplicar tanto la normativa espa\u00f1ola y comunitaria en este campo, como los tratados internacionales relativos a la materia y suscritos por Espa\u00f1a.<\/p><p>Todos los derechos reservados. En cumplimiento de la Ley de la Propiedad Intelectual se proh\u00edbe expresamente la reproducci\u00f3n, distribuci\u00f3n, comunicaci\u00f3n p\u00fablica y utilizaci\u00f3n de la totalidad o parte de los contenidos de sus p\u00e1ginas web sin el consentimiento expl\u00edcito de\u00a0<strong>KINGS CORNER DEVELOPMENT S.L<\/strong><\/p><p>Asimismo,\u00a0<strong>KINGS CORNER DEVELOPMENT S.L<\/strong>\u00a0se reserva la facultad de presentar las acciones civiles o penales que considere oportunas por la utilizaci\u00f3n indebida de sus p\u00e1ginas web y contenidos o por el incumplimiento de estas condiciones.<\/p><h2><strong>\u00a0<\/strong><\/h2><h2><strong>A<\/strong><strong style=\"color: var(--ast-global-color-3); font-size: 1.875rem; font-style: inherit; text-align: var(--text-align); background-color: transparent;\">cciones legales, legislaci\u00f3n aplicable y jurisdicci\u00f3n<\/strong><\/h2><p>La relaci\u00f3n entre el usuario y\u00a0<strong>KINGS CORNER DEVELOPMENT S.L<\/strong>\u00a0se regir\u00e1 por la normativa espa\u00f1ola vigente y ser\u00e1n competentes para decidir sobre cualquier controversia que pueda surgir entre el usuario y\u00a0<strong>KINGS CORNER DEVELOPMENT S.L<\/strong> los juzgados o tribunales de la localidad de ZARAGOZA.<\/p>\t\t\t\t\t\t\t\t<\/div>\n\t\t\t\t<\/div>\n\t\t\t\t\t<\/div>\n\t\t\t\t<\/div>\n\t\t\t\t<\/div>","protected":false},"excerpt":{"rendered":"<p>Aviso legal Procedimiento: Para recoger datos personales y comunicaciones electr\u00f3nicas. Instrucci\u00f3n: Aviso Legal y Condiciones de Uso de la web corporativa. Descripci\u00f3n: Aviso Legal y Condiciones de Uso de la web corporativa. Obligado: Responsable de Seguridad. Responsable: Responsable de Seguridad. Soporte: www.development.kingscorner.es. Condiciones de uso En cumplimiento de la Ley 34\/2002, de 11 de julio,<\/p>","protected":false},"author":1,"featured_media":0,"parent":0,"menu_order":0,"comment_status":"closed","ping_status":"closed","template":"","meta":{"site-sidebar-layout":"no-sidebar","site-content-layout":"page-builder","ast-site-content-layout":"full-width-container","site-content-style":"unboxed","site-sidebar-style":"unboxed","ast-global-header-display":"","ast-banner-title-visibility":"","ast-main-header-display":"","ast-hfb-above-header-display":"","ast-hfb-below-header-display":"","ast-hfb-mobile-header-display":"","site-post-title":"disabled","ast-breadcrumbs-content":"","ast-featured-img":"disabled","footer-sml-layout":"","ast-disable-related-posts":"","theme-transparent-header-meta":"","adv-header-id-meta":"","stick-header-meta":"","header-above-stick-meta":"","header-main-stick-meta":"","header-below-stick-meta":"","astra-migrate-meta-layouts":"set","ast-page-background-enabled":"default","ast-page-background-meta":{"desktop":{"background-color":"var(--ast-global-color-4)","background-image":"","background-repeat":"repeat","background-position":"center center","background-size":"auto","background-attachment":"scroll","background-type":"","background-media":"","overlay-type":"","overlay-color":"","overlay-opacity":"","overlay-gradient":""},"tablet":{"background-color":"","background-image":"","background-repeat":"repeat","background-position":"center center","background-size":"auto","background-attachment":"scroll","background-type":"","background-media":"","overlay-type":"","overlay-color":"","overlay-opacity":"","overlay-gradient":""},"mobile":{"background-color":"","background-image":"","background-repeat":"repeat","background-position":"center center","background-size":"auto","background-attachment":"scroll","background-type":"","background-media":"","overlay-type":"","overlay-color":"","overlay-opacity":"","overlay-gradient":""}},"ast-content-background-meta":{"desktop":{"background-color":"var(--ast-global-color-5)","background-image":"","background-repeat":"repeat","background-position":"center center","background-size":"auto","background-attachment":"scroll","background-type":"","background-media":"","overlay-type":"","overlay-color":"","overlay-opacity":"","overlay-gradient":""},"tablet":{"background-color":"var(--ast-global-color-5)","background-image":"","background-repeat":"repeat","background-position":"center center","background-size":"auto","background-attachment":"scroll","background-type":"","background-media":"","overlay-type":"","overlay-color":"","overlay-opacity":"","overlay-gradient":""},"mobile":{"background-color":"var(--ast-global-color-5)","background-image":"","background-repeat":"repeat","background-position":"center center","background-size":"auto","background-attachment":"scroll","background-type":"","background-media":"","overlay-type":"","overlay-color":"","overlay-opacity":"","overlay-gradient":""}},"footnotes":""},"class_list":["post-2022","page","type-page","status-publish","hentry"],"yoast_head":"<!-- This site is optimized with the Yoast SEO plugin v27.6 - https:\/\/yoast.com\/product\/yoast-seo-wordpress\/ -->\n<title>Aviso Legal - Kings Corner Development<\/title>\n<meta name=\"robots\" content=\"noindex, follow\" \/>\n<meta property=\"og:locale\" content=\"en_GB\" \/>\n<meta property=\"og:type\" content=\"article\" \/>\n<meta property=\"og:title\" content=\"Aviso Legal - Kings Corner Development\" \/>\n<meta property=\"og:description\" content=\"Aviso legal Procedimiento: Para recoger datos personales y comunicaciones electr\u00f3nicas. Instrucci\u00f3n: Aviso Legal y Condiciones de Uso de la web corporativa. Descripci\u00f3n: Aviso Legal y Condiciones de Uso de la web corporativa. Obligado: Responsable de Seguridad. Responsable: Responsable de Seguridad. Soporte: www.development.kingscorner.es. Condiciones de uso En cumplimiento de la Ley 34\/2002, de 11 de julio,\" \/>\n<meta property=\"og:url\" content=\"https:\/\/development.kingscorner.es\/en\/aviso-legal\/\" \/>\n<meta property=\"og:site_name\" content=\"Kings Corner Development\" \/>\n<meta property=\"article:modified_time\" content=\"2023-10-31T08:58:20+00:00\" \/>\n<meta name=\"twitter:card\" content=\"summary_large_image\" \/>\n<meta name=\"twitter:label1\" content=\"Estimated reading time\" \/>\n\t<meta name=\"twitter:data1\" content=\"6 minutes\" \/>\n<script type=\"application\/ld+json\" class=\"yoast-schema-graph\">{\"@context\":\"https:\\\/\\\/schema.org\",\"@graph\":[{\"@type\":\"WebPage\",\"@id\":\"https:\\\/\\\/development.kingscorner.es\\\/aviso-legal\\\/\",\"url\":\"https:\\\/\\\/development.kingscorner.es\\\/aviso-legal\\\/\",\"name\":\"Aviso Legal - Kings Corner Development\",\"isPartOf\":{\"@id\":\"https:\\\/\\\/development.kingscorner.es\\\/#website\"},\"datePublished\":\"2023-08-03T09:06:22+00:00\",\"dateModified\":\"2023-10-31T08:58:20+00:00\",\"breadcrumb\":{\"@id\":\"https:\\\/\\\/development.kingscorner.es\\\/aviso-legal\\\/#breadcrumb\"},\"inLanguage\":\"en-GB\",\"potentialAction\":[{\"@type\":\"ReadAction\",\"target\":[\"https:\\\/\\\/development.kingscorner.es\\\/aviso-legal\\\/\"]}]},{\"@type\":\"BreadcrumbList\",\"@id\":\"https:\\\/\\\/development.kingscorner.es\\\/aviso-legal\\\/#breadcrumb\",\"itemListElement\":[{\"@type\":\"ListItem\",\"position\":1,\"name\":\"Portada\",\"item\":\"https:\\\/\\\/development.kingscorner.es\\\/\"},{\"@type\":\"ListItem\",\"position\":2,\"name\":\"Aviso Legal\"}]},{\"@type\":\"WebSite\",\"@id\":\"https:\\\/\\\/development.kingscorner.es\\\/#website\",\"url\":\"https:\\\/\\\/development.kingscorner.es\\\/\",\"name\":\"Kings Corner Development\",\"description\":\"Kings Corner Development. Las mejores soluciones e-learning para tu empresa\",\"publisher\":{\"@id\":\"https:\\\/\\\/development.kingscorner.es\\\/#organization\"},\"potentialAction\":[{\"@type\":\"SearchAction\",\"target\":{\"@type\":\"EntryPoint\",\"urlTemplate\":\"https:\\\/\\\/development.kingscorner.es\\\/?s={search_term_string}\"},\"query-input\":{\"@type\":\"PropertyValueSpecification\",\"valueRequired\":true,\"valueName\":\"search_term_string\"}}],\"inLanguage\":\"en-GB\"},{\"@type\":\"Organization\",\"@id\":\"https:\\\/\\\/development.kingscorner.es\\\/#organization\",\"name\":\"Kings Corner Development\",\"url\":\"https:\\\/\\\/development.kingscorner.es\\\/\",\"logo\":{\"@type\":\"ImageObject\",\"inLanguage\":\"en-GB\",\"@id\":\"https:\\\/\\\/development.kingscorner.es\\\/#\\\/schema\\\/logo\\\/image\\\/\",\"url\":\"https:\\\/\\\/development.kingscorner.es\\\/wp-content\\\/uploads\\\/2023\\\/07\\\/logo-kings-corner-development.svg\",\"contentUrl\":\"https:\\\/\\\/development.kingscorner.es\\\/wp-content\\\/uploads\\\/2023\\\/07\\\/logo-kings-corner-development.svg\",\"width\":192,\"height\":42,\"caption\":\"Kings Corner Development\"},\"image\":{\"@id\":\"https:\\\/\\\/development.kingscorner.es\\\/#\\\/schema\\\/logo\\\/image\\\/\"}}]}<\/script>\n<!-- \/ Yoast SEO plugin. -->","yoast_head_json":{"title":"Aviso Legal - Kings Corner Development","robots":{"index":"noindex","follow":"follow"},"og_locale":"en_GB","og_type":"article","og_title":"Aviso Legal - Kings Corner Development","og_description":"Aviso legal Procedimiento: Para recoger datos personales y comunicaciones electr\u00f3nicas. Instrucci\u00f3n: Aviso Legal y Condiciones de Uso de la web corporativa. Descripci\u00f3n: Aviso Legal y Condiciones de Uso de la web corporativa. Obligado: Responsable de Seguridad. Responsable: Responsable de Seguridad. Soporte: www.development.kingscorner.es. Condiciones de uso En cumplimiento de la Ley 34\/2002, de 11 de julio,","og_url":"https:\/\/development.kingscorner.es\/en\/aviso-legal\/","og_site_name":"Kings Corner Development","article_modified_time":"2023-10-31T08:58:20+00:00","twitter_card":"summary_large_image","twitter_misc":{"Estimated reading time":"6 minutes"},"schema":{"@context":"https:\/\/schema.org","@graph":[{"@type":"WebPage","@id":"https:\/\/development.kingscorner.es\/aviso-legal\/","url":"https:\/\/development.kingscorner.es\/aviso-legal\/","name":"Aviso Legal - Kings Corner Development","isPartOf":{"@id":"https:\/\/development.kingscorner.es\/#website"},"datePublished":"2023-08-03T09:06:22+00:00","dateModified":"2023-10-31T08:58:20+00:00","breadcrumb":{"@id":"https:\/\/development.kingscorner.es\/aviso-legal\/#breadcrumb"},"inLanguage":"en-GB","potentialAction":[{"@type":"ReadAction","target":["https:\/\/development.kingscorner.es\/aviso-legal\/"]}]},{"@type":"BreadcrumbList","@id":"https:\/\/development.kingscorner.es\/aviso-legal\/#breadcrumb","itemListElement":[{"@type":"ListItem","position":1,"name":"Portada","item":"https:\/\/development.kingscorner.es\/"},{"@type":"ListItem","position":2,"name":"Aviso Legal"}]},{"@type":"WebSite","@id":"https:\/\/development.kingscorner.es\/#website","url":"https:\/\/development.kingscorner.es\/","name":"Kings Corner Development","description":"Kings Corner Development. Las mejores soluciones e-learning para tu empresa","publisher":{"@id":"https:\/\/development.kingscorner.es\/#organization"},"potentialAction":[{"@type":"SearchAction","target":{"@type":"EntryPoint","urlTemplate":"https:\/\/development.kingscorner.es\/?s={search_term_string}"},"query-input":{"@type":"PropertyValueSpecification","valueRequired":true,"valueName":"search_term_string"}}],"inLanguage":"en-GB"},{"@type":"Organization","@id":"https:\/\/development.kingscorner.es\/#organization","name":"Kings Corner Development","url":"https:\/\/development.kingscorner.es\/","logo":{"@type":"ImageObject","inLanguage":"en-GB","@id":"https:\/\/development.kingscorner.es\/#\/schema\/logo\/image\/","url":"https:\/\/development.kingscorner.es\/wp-content\/uploads\/2023\/07\/logo-kings-corner-development.svg","contentUrl":"https:\/\/development.kingscorner.es\/wp-content\/uploads\/2023\/07\/logo-kings-corner-development.svg","width":192,"height":42,"caption":"Kings Corner Development"},"image":{"@id":"https:\/\/development.kingscorner.es\/#\/schema\/logo\/image\/"}}]}},"_links":{"self":[{"href":"https:\/\/development.kingscorner.es\/en\/wp-json\/wp\/v2\/pages\/2022","targetHints":{"allow":["GET"]}}],"collection":[{"href":"https:\/\/development.kingscorner.es\/en\/wp-json\/wp\/v2\/pages"}],"about":[{"href":"https:\/\/development.kingscorner.es\/en\/wp-json\/wp\/v2\/types\/page"}],"author":[{"embeddable":true,"href":"https:\/\/development.kingscorner.es\/en\/wp-json\/wp\/v2\/users\/1"}],"replies":[{"embeddable":true,"href":"https:\/\/development.kingscorner.es\/en\/wp-json\/wp\/v2\/comments?post=2022"}],"version-history":[{"count":14,"href":"https:\/\/development.kingscorner.es\/en\/wp-json\/wp\/v2\/pages\/2022\/revisions"}],"predecessor-version":[{"id":3222,"href":"https:\/\/development.kingscorner.es\/en\/wp-json\/wp\/v2\/pages\/2022\/revisions\/3222"}],"wp:attachment":[{"href":"https:\/\/development.kingscorner.es\/en\/wp-json\/wp\/v2\/media?parent=2022"}],"curies":[{"name":"wp","href":"https:\/\/api.w.org\/{rel}","templated":true}]}}