{"id":3,"date":"2023-07-25T06:31:40","date_gmt":"2023-07-25T06:31:40","guid":{"rendered":"https:\/\/development.kingscorner.es\/?page_id=3"},"modified":"2023-10-31T08:58:43","modified_gmt":"2023-10-31T08:58:43","slug":"politica-privacidad","status":"publish","type":"page","link":"https:\/\/development.kingscorner.es\/en\/politica-privacidad\/","title":{"rendered":"Privacy Policy"},"content":{"rendered":"<div data-elementor-type=\"wp-page\" data-elementor-id=\"3\" class=\"elementor elementor-3\">\n\t\t\t\t<div class=\"elementor-element elementor-element-39ae0c1 e-flex e-con-boxed wpr-particle-no wpr-jarallax-no wpr-parallax-no wpr-sticky-section-no wpr-column-slider-no wpr-equal-height-no e-con e-parent\" data-id=\"39ae0c1\" data-element_type=\"container\" data-e-type=\"container\" data-settings=\"{&quot;background_background&quot;:&quot;gradient&quot;}\">\n\t\t\t\t\t<div class=\"e-con-inner\">\n\t\t\t\t<div class=\"elementor-element elementor-element-3299de3 elementor-widget elementor-widget-heading\" data-id=\"3299de3\" data-element_type=\"widget\" data-e-type=\"widget\" data-widget_type=\"heading.default\">\n\t\t\t\t<div class=\"elementor-widget-container\">\n\t\t\t\t\t<h1 class=\"elementor-heading-title elementor-size-default\">Privacy Policy<\/h1>\t\t\t\t<\/div>\n\t\t\t\t<\/div>\n\t\t\t\t<div class=\"elementor-element elementor-element-142c4e3 elementor-widget elementor-widget-text-editor\" data-id=\"142c4e3\" data-element_type=\"widget\" data-e-type=\"widget\" data-widget_type=\"text-editor.default\">\n\t\t\t\t<div class=\"elementor-widget-container\">\n\t\t\t\t\t\t\t\t\t<ul><li><strong>Procedimiento<\/strong>: Para recoger datos personales y comunicaciones electr\u00f3nicas.<\/li><li><strong>Instrucci\u00f3n<\/strong>: Aviso Legal y Condiciones de Uso de la web corporativa.<\/li><li><strong>Descripci\u00f3n<\/strong>: Aviso Legal y Condiciones de Uso de la web corporativa.<\/li><li><strong>Obligado<\/strong>: Responsable de Seguridad.<\/li><li><strong>Responsable<\/strong>: Responsable de Seguridad.<\/li><li><strong>Support<\/strong>: <a href=\"https:\/\/development.kingscorner.es\/en\/\">www.development.kingscorner.es.<\/a><\/li><\/ul><p><strong>KINGS CORNER DEVELOPMENT S.L<\/strong>., con C.I.F. B98762800 y domicilio en C\/ ALEJANDRO CASONA 3 LOCAL, ZARAGOZA, CP 50018, provincia de Zaragoza<strong>\u00a0<\/strong>es titular del sitio web\u00a0<a href=\"https:\/\/development.kingscorner.es\/en\/\">www.development.kingscorner.es<\/a>\u00a0\u00a0y responsable del tratamiento de los datos de car\u00e1cter personal que los usuarios suministran a trav\u00e9s de este sitio web.<\/p><p><strong>KINGS CORNER DEVELOPMENT S.L.<\/strong>\u00a0informa a los usuarios de este sitio web sobre su pol\u00edtica respecto del tratamiento y protecci\u00f3n de los datos de car\u00e1cter personal de los usuarios y clientes que puedan ser recabados por la navegaci\u00f3n y uso de este sitio web.<\/p><p>La finalidad de este documento es informar a los usuarios sobre qu\u00e9 hacemos con sus datos personales, c\u00f3mo se recaban, para qu\u00e9 se utilizan, los derechos que les asisten as\u00ed como toda la informaci\u00f3n necesaria establecida por la normativa vigente.<\/p><p>Al utilizar este sitio web entendemos que ha le\u00eddo y comprendido la informaci\u00f3n que se expone en relaci\u00f3n con el tratamiento de sus datos de car\u00e1cter personal.<\/p><p>Nuestro principal objetivo es tratar los datos personales de una forma l\u00edcita, leal y transparente.<\/p><h2>\u00a0<\/h2><h2><strong>Datos recabados, finalidad y licitud<\/strong><\/h2><p>Los datos de car\u00e1cter personal tratados son los aportados por los usuarios a trav\u00e9s los formularios o del mail\u00a0<a href=\"mailto:development@kingscorner.es\">development@kingscorner.es<\/a>\u00a0\u00a0disponibles en este sitio web y son los m\u00ednimos exigibles para poder enviarle informaci\u00f3n sobre nuestros productos \/ servicios, poder realizar pedidos, as\u00ed como poder elaborar las facturas correspondientes, informar sobre el estado de los pedidos, atender reclamaciones y cualquier otra gesti\u00f3n derivada de la prestaci\u00f3n del servicio realizado a trav\u00e9s de este sitio web.<\/p><p>Dichas finalidades est\u00e1n basadas en principios legales de tratamiento de los datos recogidos por la normativa vigente: para la ejecuci\u00f3n de un contrato o la prestaci\u00f3n de un servicio a los usuarios, para el cumplimiento de obligaciones legales, por el inter\u00e9s leg\u00edtimo y con el consentimiento de los usuarios.<\/p><h2>\u00a0<\/h2><h2><strong>Datos recabados para env\u00edo de CV a trav\u00e9s del formulario web.<\/strong><\/h2><p>En el caso de que el usuario nos env\u00ede su curr\u00edculum, se le informa que los datos contenidos en el mismo, se tratar\u00e1n para el proceso de selecci\u00f3n de personal para un puesto de trabajo en la empresa, solo ser\u00e1n tratados por el personal de RR.HH.<\/p><p>Los curr\u00edculums de los candidatos no seleccionados, se podr\u00e1n guardar como m\u00e1ximo durante seis meses para siguientes procesos de selecci\u00f3n, una vez cumplido el plazo, dichos datos se destruir\u00e1n.<\/p><h2>\u00a0<\/h2><h2><strong>Datos recabados para la solicitud de informaci\u00f3n a trav\u00e9s del formulario web o correo electr\u00f3nico.<\/strong><\/h2><p>Los datos personales recabados a trav\u00e9s del formulario web o correo electr\u00f3nico para la petici\u00f3n de informaci\u00f3n tienen como finalidad el env\u00edo de informaci\u00f3n comercial sobre nuestros productos y servicios.<\/p><p>El tratamiento de los datos en este caso concreto est\u00e1 legitimado por el consentimiento expreso que usted nos presta al aceptar el env\u00edo de la informaci\u00f3n aportada a trav\u00e9s del formulario o correo electr\u00f3nico.<\/p><h2>\u00a0<\/h2><h2><strong>Operaciones que se realizan con los datos personales<\/strong><\/h2><p>Los datos de car\u00e1cter personal son registrados a trav\u00e9s de la web y conservados en soportes electr\u00f3nicos controlados y supervisados por el responsable del tratamiento. Los soportes cuentan con las medidas t\u00e9cnicas y organizativas necesarias que garantizan la debida confidencialidad en el tratamiento de los datos.<\/p><p>El personal implicado en las operaciones de tratamiento de datos: acceso, edici\u00f3n, borrado, etc\u2026 est\u00e1 capacitado para ello y est\u00e1 formado y comprometido con nuestra pol\u00edtica de protecci\u00f3n de datos.<\/p><p>De acuerdo con lo establecido en la Ley 34\/2002, de Servicios de la Sociedad de la Informaci\u00f3n y el Comercio Electr\u00f3nico en su art\u00edculo 21, pedimos su consentimiento para poder realizar comunicaciones publicitarias que consideremos puedan ser de su inter\u00e9s, por correo electr\u00f3nico o por cualquier otro medio de comunicaci\u00f3n electr\u00f3nica equivalente, este consentimiento.<\/p><h2>\u00a0<\/h2><h2><strong>Conservaci\u00f3n de los datos<\/strong><\/h2><p>Los datos de car\u00e1cter personal se conservar\u00e1n el tiempo que sea necesario para poder atender la finalidad \/ finalidades para los que fueron. Por lo tanto mantendremos su informaci\u00f3n personal mientras exista una relaci\u00f3n contractual y\/o comercial con usted o mientras usted no ejerza su derecho de supresi\u00f3n, cancelaci\u00f3n y\/o limitaci\u00f3n del tratamiento de sus datos.<\/p><p>En estos casos, mantendremos la informaci\u00f3n debidamente bloqueada, sin darle ning\u00fan uso, mientras pueda ser necesaria para el ejercicio o defensa de reclamaciones o pueda derivarse alg\u00fan tipo de responsabilidad judicial, legal o contractual de su tratamiento, que deba ser atendida y para lo cual sea necesaria su recuperaci\u00f3n.<\/p><h2>\u00a0<\/h2><h2><strong>Protecci\u00f3n de los menores<\/strong><\/h2><p>Los menores de 14 a\u00f1os no pueden prestar su consentimiento para que un comercio recoja y trate sus datos personales; solo sus representantes legales (padres o tutores) son quienes pueden hacerlo en su nombre. Aquellos comercios que necesiten tratar datos de menores de 14 a\u00f1os, deben disponer de los medios para obtener el consentimiento de sus padres o tutores, por ejemplo, mediante un mensaje de correo electr\u00f3nico dirigido a alguno de ellos que contenga un enlace a un formulario electr\u00f3nico. No se puede pedir a los menores de 14 a\u00f1os datos sobre el \u00e1mbito familiar, siendo la \u00fanica excepci\u00f3n los datos de identificaci\u00f3n y contacto de los padres o tutores.<\/p><h2>\u00a0<\/h2><h2><strong>Destinatarios de sus datos personales<\/strong><\/h2><p>Informamos a los usuarios de que sus datos personales no ser\u00e1n comunicados a terceros, con la salvedad de que dicha comunicaci\u00f3n de datos est\u00e9 amparada en una obligaci\u00f3n legal o cuando para la correcta prestaci\u00f3n del servicio o la ejecuci\u00f3n del contrato sea necesario comunicar sus datos a otros responsables como pueden ser otras empresas del grupo, encargados del tratamiento.<\/p><p>Empresas y entidades y otras organizaciones a las que se hayan contratado la prestaci\u00f3n de servicios, tales como: hosting, servicios de marketing, comunicaci\u00f3n, dise\u00f1o de plataformas y servicios de la sociedad de la informaci\u00f3n a KINGSCORNER DEVELOPMENT, S.L<\/p><p>Empresas, compa\u00f1\u00edas u otras organizaciones a las que nos haya solicitado o aceptado que podamos compartir sus datos personales.<\/p><p>Empresas u otras organizaciones relacionadas con\u00a0<strong>KINGS CORNER DEVELOPMENT S.L<\/strong>\u00a0identificadas en el Sitio Web:\u00a0<a href=\"https:\/\/development.kingscorner.es\/en\/\">www.development.kingscorner.es<\/a><\/p><p>Prestadores de servicios profesionales, como abogados, procuradores, notarios, registradores u otros profesionales similares.<\/p><p>Organismos p\u00fablicos, tribunales, reguladores y otras autoridades administrativas, cuando consideremos que es necesario para cumplir con una obligaci\u00f3n legal o regulatoria, o de otra forma para protegernos de reclamaciones contra nosotros o terceros, o la seguridad de las personas, as\u00ed como para prevenir, o de alguna otra forma luchar, contra el fraude o por razones de seguridad o protecci\u00f3n.<\/p><p>Para los casos en los que la comunicaci\u00f3n de datos a terceros no est\u00e9 amparada en las bases legales establecidas en el apartado anterior, la comunicaci\u00f3n de datos a otros destinatarios s\u00f3lo se realizar\u00e1 si el usuario ha dado su consentimiento expreso.<\/p><p><strong>KINGS CORNER DEVELOPMENT S.L<\/strong>\u00a0mantiene unos criterios estrictos de selecci\u00f3n de encargados de tratamiento y se compromete contractualmente con cada uno a cumplir y hacer cumplir las obligaciones establecidas en materia de protecci\u00f3n de datos.<\/p><h3>\u00a0<\/h3><h3><strong>Cl\u00e1usula formulario Web<\/strong><\/h3><p>Los datos facilitados a trav\u00e9s de este formulario ser\u00e1n tratados por KINGS CORNER DEVELOPMENT S.L., con C.I.F. B98762800 y domicilio en C\/ ALEJANDRO CASONA 3 LOCAL, ZARAGOZA, CP 50018, provincia de Zaragoza de acuerdo a lo establecido en nuestra pol\u00edtica de privacidad con la finalidad de poder enviarle informaci\u00f3n sobre nuestros productos \/ servicios.<\/p><p>Los datos recabados por este formulario no se ceder\u00e1n a terceros salvo por obligaci\u00f3n legal.<\/p><p>Le recordamos que usted tiene derecho al acceso, rectificaci\u00f3n, limitaci\u00f3n de tratamiento, supresi\u00f3n, portabilidad y oposici\u00f3n al tratamiento de sus datos dirigiendo su petici\u00f3n a la direcci\u00f3n postal indicada o al correo electr\u00f3nico <a href=\"mailto:development@kingscorner.es\">development@kingscorner.es<\/a>\u00a0\u00a0Igualmente puede dirigirse a nosotros para cualquier aclaraci\u00f3n adicional.<\/p><p>En caso de no aceptaci\u00f3n sus datos no ser\u00e1n tratados.<\/p><h2>\u00a0<\/h2><h2><strong>Ejercicio de los derechos<\/strong><\/h2><p>De acuerdo con los derechos que confiere la normativa vigente en materia de protecci\u00f3n de datos de car\u00e1cter personal, el usuario podr\u00e1 ejercer los derechos de acceso, rectificaci\u00f3n, limitaci\u00f3n de tratamiento, supresi\u00f3n, portabilidad y oposici\u00f3n al tratamiento de sus datos dirigiendo su petici\u00f3n a la direcci\u00f3n postal indicada o al correo electr\u00f3nico\u00a0<a href=\"mailto:development@kingscorner.es\">development@kingscorner.es<\/a><\/p><p>Para el ejercicio de los derechos deber\u00e1 identificarse mediante la presentaci\u00f3n de su DNI.<\/p><p>Para cualquier reclamaci\u00f3n puede dirigirse al mismo correo indicado. Igualmente podr\u00e1 dirigirse a la Agencia Espa\u00f1ola de Protecci\u00f3n de Datos:\u00a0<a href=\"http:\/\/www.agpd.es\/\" target=\"_blank\" rel=\"noopener\">www.agpd.es<\/a><\/p>\t\t\t\t\t\t\t\t<\/div>\n\t\t\t\t<\/div>\n\t\t\t\t\t<\/div>\n\t\t\t\t<\/div>\n\t\t\t\t<\/div>","protected":false},"excerpt":{"rendered":"<p>Pol\u00edtica de privacidad Procedimiento: Para recoger datos personales y comunicaciones electr\u00f3nicas. Instrucci\u00f3n: Aviso Legal y Condiciones de Uso de la web corporativa. Descripci\u00f3n: Aviso Legal y Condiciones de Uso de la web corporativa. Obligado: Responsable de Seguridad. Responsable: Responsable de Seguridad. Soporte: www.development.kingscorner.es. KINGS CORNER DEVELOPMENT S.L., con C.I.F. B98762800 y domicilio en C\/ ALEJANDRO<\/p>","protected":false},"author":1,"featured_media":0,"parent":0,"menu_order":0,"comment_status":"closed","ping_status":"open","template":"","meta":{"site-sidebar-layout":"default","site-content-layout":"","ast-site-content-layout":"default","site-content-style":"default","site-sidebar-style":"default","ast-global-header-display":"","ast-banner-title-visibility":"","ast-main-header-display":"","ast-hfb-above-header-display":"","ast-hfb-below-header-display":"","ast-hfb-mobile-header-display":"","site-post-title":"","ast-breadcrumbs-content":"","ast-featured-img":"","footer-sml-layout":"","ast-disable-related-posts":"","theme-transparent-header-meta":"","adv-header-id-meta":"","stick-header-meta":"","header-above-stick-meta":"","header-main-stick-meta":"","header-below-stick-meta":"","astra-migrate-meta-layouts":"set","ast-page-background-enabled":"default","ast-page-background-meta":{"desktop":{"background-color":"var(--ast-global-color-4)","background-image":"","background-repeat":"repeat","background-position":"center center","background-size":"auto","background-attachment":"scroll","background-type":"","background-media":"","overlay-type":"","overlay-color":"","overlay-opacity":"","overlay-gradient":""},"tablet":{"background-color":"","background-image":"","background-repeat":"repeat","background-position":"center center","background-size":"auto","background-attachment":"scroll","background-type":"","background-media":"","overlay-type":"","overlay-color":"","overlay-opacity":"","overlay-gradient":""},"mobile":{"background-color":"","background-image":"","background-repeat":"repeat","background-position":"center center","background-size":"auto","background-attachment":"scroll","background-type":"","background-media":"","overlay-type":"","overlay-color":"","overlay-opacity":"","overlay-gradient":""}},"ast-content-background-meta":{"desktop":{"background-color":"var(--ast-global-color-5)","background-image":"","background-repeat":"repeat","background-position":"center center","background-size":"auto","background-attachment":"scroll","background-type":"","background-media":"","overlay-type":"","overlay-color":"","overlay-opacity":"","overlay-gradient":""},"tablet":{"background-color":"var(--ast-global-color-5)","background-image":"","background-repeat":"repeat","background-position":"center center","background-size":"auto","background-attachment":"scroll","background-type":"","background-media":"","overlay-type":"","overlay-color":"","overlay-opacity":"","overlay-gradient":""},"mobile":{"background-color":"var(--ast-global-color-5)","background-image":"","background-repeat":"repeat","background-position":"center center","background-size":"auto","background-attachment":"scroll","background-type":"","background-media":"","overlay-type":"","overlay-color":"","overlay-opacity":"","overlay-gradient":""}},"footnotes":""},"class_list":["post-3","page","type-page","status-publish","hentry"],"yoast_head":"<!-- This site is optimized with the Yoast SEO plugin v27.6 - https:\/\/yoast.com\/product\/yoast-seo-wordpress\/ -->\n<title>Pol\u00edtica de privacidad - Kings Corner Development<\/title>\n<meta name=\"robots\" content=\"noindex, follow\" \/>\n<meta property=\"og:locale\" content=\"en_GB\" \/>\n<meta property=\"og:type\" content=\"article\" \/>\n<meta property=\"og:title\" content=\"Pol\u00edtica de privacidad - Kings Corner Development\" \/>\n<meta property=\"og:description\" content=\"Pol\u00edtica de privacidad Procedimiento: Para recoger datos personales y comunicaciones electr\u00f3nicas. Instrucci\u00f3n: Aviso Legal y Condiciones de Uso de la web corporativa. Descripci\u00f3n: Aviso Legal y Condiciones de Uso de la web corporativa. Obligado: Responsable de Seguridad. Responsable: Responsable de Seguridad. Soporte: www.development.kingscorner.es. KINGS CORNER DEVELOPMENT S.L., con C.I.F. B98762800 y domicilio en C\/ ALEJANDRO\" \/>\n<meta property=\"og:url\" content=\"https:\/\/development.kingscorner.es\/en\/politica-privacidad\/\" \/>\n<meta property=\"og:site_name\" content=\"Kings Corner Development\" \/>\n<meta property=\"article:modified_time\" content=\"2023-10-31T08:58:43+00:00\" \/>\n<meta name=\"twitter:card\" content=\"summary_large_image\" \/>\n<meta name=\"twitter:label1\" content=\"Estimated reading time\" \/>\n\t<meta name=\"twitter:data1\" content=\"7 minutes\" \/>\n<script type=\"application\/ld+json\" class=\"yoast-schema-graph\">{\"@context\":\"https:\\\/\\\/schema.org\",\"@graph\":[{\"@type\":\"WebPage\",\"@id\":\"https:\\\/\\\/development.kingscorner.es\\\/politica-privacidad\\\/\",\"url\":\"https:\\\/\\\/development.kingscorner.es\\\/politica-privacidad\\\/\",\"name\":\"Pol\u00edtica de privacidad - Kings Corner Development\",\"isPartOf\":{\"@id\":\"https:\\\/\\\/development.kingscorner.es\\\/#website\"},\"datePublished\":\"2023-07-25T06:31:40+00:00\",\"dateModified\":\"2023-10-31T08:58:43+00:00\",\"breadcrumb\":{\"@id\":\"https:\\\/\\\/development.kingscorner.es\\\/politica-privacidad\\\/#breadcrumb\"},\"inLanguage\":\"en-GB\",\"potentialAction\":[{\"@type\":\"ReadAction\",\"target\":[\"https:\\\/\\\/development.kingscorner.es\\\/politica-privacidad\\\/\"]}]},{\"@type\":\"BreadcrumbList\",\"@id\":\"https:\\\/\\\/development.kingscorner.es\\\/politica-privacidad\\\/#breadcrumb\",\"itemListElement\":[{\"@type\":\"ListItem\",\"position\":1,\"name\":\"Portada\",\"item\":\"https:\\\/\\\/development.kingscorner.es\\\/\"},{\"@type\":\"ListItem\",\"position\":2,\"name\":\"Pol\u00edtica de privacidad\"}]},{\"@type\":\"WebSite\",\"@id\":\"https:\\\/\\\/development.kingscorner.es\\\/#website\",\"url\":\"https:\\\/\\\/development.kingscorner.es\\\/\",\"name\":\"Kings Corner Development\",\"description\":\"Kings Corner Development. Las mejores soluciones e-learning para tu empresa\",\"publisher\":{\"@id\":\"https:\\\/\\\/development.kingscorner.es\\\/#organization\"},\"potentialAction\":[{\"@type\":\"SearchAction\",\"target\":{\"@type\":\"EntryPoint\",\"urlTemplate\":\"https:\\\/\\\/development.kingscorner.es\\\/?s={search_term_string}\"},\"query-input\":{\"@type\":\"PropertyValueSpecification\",\"valueRequired\":true,\"valueName\":\"search_term_string\"}}],\"inLanguage\":\"en-GB\"},{\"@type\":\"Organization\",\"@id\":\"https:\\\/\\\/development.kingscorner.es\\\/#organization\",\"name\":\"Kings Corner Development\",\"url\":\"https:\\\/\\\/development.kingscorner.es\\\/\",\"logo\":{\"@type\":\"ImageObject\",\"inLanguage\":\"en-GB\",\"@id\":\"https:\\\/\\\/development.kingscorner.es\\\/#\\\/schema\\\/logo\\\/image\\\/\",\"url\":\"https:\\\/\\\/development.kingscorner.es\\\/wp-content\\\/uploads\\\/2023\\\/07\\\/logo-kings-corner-development.svg\",\"contentUrl\":\"https:\\\/\\\/development.kingscorner.es\\\/wp-content\\\/uploads\\\/2023\\\/07\\\/logo-kings-corner-development.svg\",\"width\":192,\"height\":42,\"caption\":\"Kings Corner Development\"},\"image\":{\"@id\":\"https:\\\/\\\/development.kingscorner.es\\\/#\\\/schema\\\/logo\\\/image\\\/\"}}]}<\/script>\n<!-- \/ Yoast SEO plugin. -->","yoast_head_json":{"title":"Pol\u00edtica de privacidad - Kings Corner Development","robots":{"index":"noindex","follow":"follow"},"og_locale":"en_GB","og_type":"article","og_title":"Pol\u00edtica de privacidad - Kings Corner Development","og_description":"Pol\u00edtica de privacidad Procedimiento: Para recoger datos personales y comunicaciones electr\u00f3nicas. Instrucci\u00f3n: Aviso Legal y Condiciones de Uso de la web corporativa. Descripci\u00f3n: Aviso Legal y Condiciones de Uso de la web corporativa. Obligado: Responsable de Seguridad. Responsable: Responsable de Seguridad. Soporte: www.development.kingscorner.es. KINGS CORNER DEVELOPMENT S.L., con C.I.F. B98762800 y domicilio en C\/ ALEJANDRO","og_url":"https:\/\/development.kingscorner.es\/en\/politica-privacidad\/","og_site_name":"Kings Corner Development","article_modified_time":"2023-10-31T08:58:43+00:00","twitter_card":"summary_large_image","twitter_misc":{"Estimated reading time":"7 minutes"},"schema":{"@context":"https:\/\/schema.org","@graph":[{"@type":"WebPage","@id":"https:\/\/development.kingscorner.es\/politica-privacidad\/","url":"https:\/\/development.kingscorner.es\/politica-privacidad\/","name":"Pol\u00edtica de privacidad - Kings Corner Development","isPartOf":{"@id":"https:\/\/development.kingscorner.es\/#website"},"datePublished":"2023-07-25T06:31:40+00:00","dateModified":"2023-10-31T08:58:43+00:00","breadcrumb":{"@id":"https:\/\/development.kingscorner.es\/politica-privacidad\/#breadcrumb"},"inLanguage":"en-GB","potentialAction":[{"@type":"ReadAction","target":["https:\/\/development.kingscorner.es\/politica-privacidad\/"]}]},{"@type":"BreadcrumbList","@id":"https:\/\/development.kingscorner.es\/politica-privacidad\/#breadcrumb","itemListElement":[{"@type":"ListItem","position":1,"name":"Portada","item":"https:\/\/development.kingscorner.es\/"},{"@type":"ListItem","position":2,"name":"Pol\u00edtica de privacidad"}]},{"@type":"WebSite","@id":"https:\/\/development.kingscorner.es\/#website","url":"https:\/\/development.kingscorner.es\/","name":"Kings Corner Development","description":"Kings Corner Development. Las mejores soluciones e-learning para tu empresa","publisher":{"@id":"https:\/\/development.kingscorner.es\/#organization"},"potentialAction":[{"@type":"SearchAction","target":{"@type":"EntryPoint","urlTemplate":"https:\/\/development.kingscorner.es\/?s={search_term_string}"},"query-input":{"@type":"PropertyValueSpecification","valueRequired":true,"valueName":"search_term_string"}}],"inLanguage":"en-GB"},{"@type":"Organization","@id":"https:\/\/development.kingscorner.es\/#organization","name":"Kings Corner Development","url":"https:\/\/development.kingscorner.es\/","logo":{"@type":"ImageObject","inLanguage":"en-GB","@id":"https:\/\/development.kingscorner.es\/#\/schema\/logo\/image\/","url":"https:\/\/development.kingscorner.es\/wp-content\/uploads\/2023\/07\/logo-kings-corner-development.svg","contentUrl":"https:\/\/development.kingscorner.es\/wp-content\/uploads\/2023\/07\/logo-kings-corner-development.svg","width":192,"height":42,"caption":"Kings Corner Development"},"image":{"@id":"https:\/\/development.kingscorner.es\/#\/schema\/logo\/image\/"}}]}},"_links":{"self":[{"href":"https:\/\/development.kingscorner.es\/en\/wp-json\/wp\/v2\/pages\/3","targetHints":{"allow":["GET"]}}],"collection":[{"href":"https:\/\/development.kingscorner.es\/en\/wp-json\/wp\/v2\/pages"}],"about":[{"href":"https:\/\/development.kingscorner.es\/en\/wp-json\/wp\/v2\/types\/page"}],"author":[{"embeddable":true,"href":"https:\/\/development.kingscorner.es\/en\/wp-json\/wp\/v2\/users\/1"}],"replies":[{"embeddable":true,"href":"https:\/\/development.kingscorner.es\/en\/wp-json\/wp\/v2\/comments?post=3"}],"version-history":[{"count":22,"href":"https:\/\/development.kingscorner.es\/en\/wp-json\/wp\/v2\/pages\/3\/revisions"}],"predecessor-version":[{"id":3224,"href":"https:\/\/development.kingscorner.es\/en\/wp-json\/wp\/v2\/pages\/3\/revisions\/3224"}],"wp:attachment":[{"href":"https:\/\/development.kingscorner.es\/en\/wp-json\/wp\/v2\/media?parent=3"}],"curies":[{"name":"wp","href":"https:\/\/api.w.org\/{rel}","templated":true}]}}