{"id":680,"date":"2023-07-28T09:00:07","date_gmt":"2023-07-28T09:00:07","guid":{"rendered":"https:\/\/development.kingscorner.es\/?page_id=680"},"modified":"2023-10-31T10:51:20","modified_gmt":"2023-10-31T10:51:20","slug":"diseno-de-contenidos-a-medida","status":"publish","type":"page","link":"https:\/\/development.kingscorner.es\/en\/diseno-de-contenidos-a-medida\/","title":{"rendered":"Dise\u00f1o de contenidos a medida"},"content":{"rendered":"<div data-elementor-type=\"wp-page\" data-elementor-id=\"680\" class=\"elementor elementor-680\">\n\t\t\t\t<div class=\"elementor-element elementor-element-7f570e4 e-flex e-con-boxed wpr-particle-no wpr-jarallax-no wpr-parallax-no wpr-sticky-section-no wpr-column-slider-no wpr-equal-height-no e-con e-parent\" data-id=\"7f570e4\" data-element_type=\"container\" data-e-type=\"container\">\n\t\t\t\t\t<div class=\"e-con-inner\">\n\t\t\t\t<div class=\"elementor-element elementor-element-0f04c12 elementor-widget elementor-widget-heading\" data-id=\"0f04c12\" data-element_type=\"widget\" data-e-type=\"widget\" data-widget_type=\"heading.default\">\n\t\t\t\t<div class=\"elementor-widget-container\">\n\t\t\t\t\t<p class=\"elementor-heading-title elementor-size-default\">EVERYTHING TAILORED TO YOU<\/p>\t\t\t\t<\/div>\n\t\t\t\t<\/div>\n\t\t\t\t<div class=\"elementor-element elementor-element-1281411 elementor-widget elementor-widget-heading\" data-id=\"1281411\" data-element_type=\"widget\" data-e-type=\"widget\" data-widget_type=\"heading.default\">\n\t\t\t\t<div class=\"elementor-widget-container\">\n\t\t\t\t\t<h1 class=\"elementor-heading-title elementor-size-default\">Custom <span class=\"subrayado\"> content design<\/span><\/h1>\t\t\t\t<\/div>\n\t\t\t\t<\/div>\n\t\t\t\t\t<\/div>\n\t\t\t\t<\/div>\n\t\t<div class=\"elementor-element elementor-element-0120af9 e-flex e-con-boxed wpr-particle-no wpr-jarallax-no wpr-parallax-no wpr-sticky-section-no wpr-column-slider-no wpr-equal-height-no e-con e-parent\" data-id=\"0120af9\" data-element_type=\"container\" data-e-type=\"container\" data-settings=\"{&quot;background_background&quot;:&quot;classic&quot;,&quot;shape_divider_bottom&quot;:&quot;waves&quot;}\">\n\t\t\t\t\t<div class=\"e-con-inner\">\n\t\t\t\t<div class=\"elementor-shape elementor-shape-bottom\" aria-hidden=\"true\" data-negative=\"false\">\n\t\t\t<svg xmlns=\"http:\/\/www.w3.org\/2000\/svg\" viewbox=\"0 0 1000 100\" preserveaspectratio=\"none\">\n\t<path class=\"elementor-shape-fill\" d=\"M421.9,6.5c22.6-2.5,51.5,0.4,75.5,5.3c23.6,4.9,70.9,23.5,100.5,35.7c75.8,32.2,133.7,44.5,192.6,49.7\tc23.6,2.1,48.7,3.5,103.4-2.5c54.7-6,106.2-25.6,106.2-25.6V0H0v30.3c0,0,72,32.6,158.4,30.5c39.2-0.7,92.8-6.7,134-22.4\tc21.2-8.1,52.2-18.2,79.7-24.2C399.3,7.9,411.6,7.5,421.9,6.5z\"\/>\n<\/svg>\t\t<\/div>\n\t\t<div class=\"elementor-element elementor-element-9e92cc6 e-con-full e-flex wpr-particle-no wpr-jarallax-no wpr-parallax-no wpr-sticky-section-no wpr-column-slider-no wpr-equal-height-no e-con e-parent\" data-id=\"9e92cc6\" data-element_type=\"container\" data-e-type=\"container\">\n\t\t\t\t<div class=\"elementor-element elementor-element-7920a9e elementor-widget elementor-widget-heading\" data-id=\"7920a9e\" data-element_type=\"widget\" data-e-type=\"widget\" data-widget_type=\"heading.default\">\n\t\t\t\t<div class=\"elementor-widget-container\">\n\t\t\t\t\t<h2 class=\"elementor-heading-title elementor-size-default\">Have you seen our courses and would like yours to have the same quality and features?\n<\/h2>\t\t\t\t<\/div>\n\t\t\t\t<\/div>\n\t\t\t\t<div class=\"elementor-element elementor-element-798c082 elementor-widget elementor-widget-text-editor\" data-id=\"798c082\" data-element_type=\"widget\" data-e-type=\"widget\" data-widget_type=\"text-editor.default\">\n\t\t\t\t<div class=\"elementor-widget-container\">\n\t\t\t\t\t\t\t\t\t<p>We can design and develop your training content for publication in different multimedia formats. Thanks to our team\u2019s extensive experience and highly efficient content design processes, we are one of the most competitive companies in Spain. In addition, we provide expert advice on which formats and designs best suit your training needs and educational goals. <\/p>\t\t\t\t\t\t\t\t<\/div>\n\t\t\t\t<\/div>\n\t\t\t\t<div class=\"elementor-element elementor-element-4555b68 elementor-mobile-align-justify elementor-widget elementor-widget-button\" data-id=\"4555b68\" data-element_type=\"widget\" data-e-type=\"widget\" data-widget_type=\"button.default\">\n\t\t\t\t<div class=\"elementor-widget-container\">\n\t\t\t\t\t\t\t\t\t<div class=\"elementor-button-wrapper\">\n\t\t\t\t\t<a class=\"elementor-button elementor-button-link elementor-size-sm\" href=\"#SolicitaInformacion\">\n\t\t\t\t\t\t<span class=\"elementor-button-content-wrapper\">\n\t\t\t\t\t\t\t\t\t<span class=\"elementor-button-text\">ask us<\/span>\n\t\t\t\t\t<\/span>\n\t\t\t\t\t<\/a>\n\t\t\t\t<\/div>\n\t\t\t\t\t\t\t\t<\/div>\n\t\t\t\t<\/div>\n\t\t\t\t<\/div>\n\t\t<div class=\"elementor-element elementor-element-45291ae e-con-full e-flex wpr-particle-no wpr-jarallax-no wpr-parallax-no wpr-sticky-section-no wpr-column-slider-no wpr-equal-height-no e-con e-parent\" data-id=\"45291ae\" data-element_type=\"container\" data-e-type=\"container\">\n\t\t\t\t<div class=\"elementor-element elementor-element-7087868 elementor-widget elementor-widget-image\" data-id=\"7087868\" data-element_type=\"widget\" data-e-type=\"widget\" data-widget_type=\"image.default\">\n\t\t\t\t<div class=\"elementor-widget-container\">\n\t\t\t\t\t\t\t\t\t\t\t\t\t\t\t<img fetchpriority=\"high\" decoding=\"async\" width=\"548\" height=\"492\" src=\"https:\/\/development.kingscorner.es\/wp-content\/uploads\/2023\/07\/Diseno-de-contenidos-a-medida-con-Kings-Corner-Development.svg\" class=\"attachment-large size-large wp-image-688\" alt=\"Disen\u0303o de contenidos a medida con Kings Corner Development\" \/>\t\t\t\t\t\t\t\t\t\t\t\t\t\t\t<\/div>\n\t\t\t\t<\/div>\n\t\t\t\t<\/div>\n\t\t\t\t\t<\/div>\n\t\t\t\t<\/div>\n\t\t<div class=\"elementor-element elementor-element-4438d4c e-flex e-con-boxed wpr-particle-no wpr-jarallax-no wpr-parallax-no wpr-sticky-section-no wpr-column-slider-no wpr-equal-height-no e-con e-parent\" data-id=\"4438d4c\" data-element_type=\"container\" data-e-type=\"container\" data-settings=\"{&quot;background_background&quot;:&quot;classic&quot;}\">\n\t\t\t\t\t<div class=\"e-con-inner\">\n\t\t\t\t\t<\/div>\n\t\t\t\t<\/div>\n\t\t<div class=\"elementor-element elementor-element-9124bc8 e-flex e-con-boxed wpr-particle-no wpr-jarallax-no wpr-parallax-no wpr-sticky-section-no wpr-column-slider-no wpr-equal-height-no e-con e-parent\" data-id=\"9124bc8\" data-element_type=\"container\" data-e-type=\"container\" id=\"SolicitaInformacion\" data-settings=\"{&quot;background_background&quot;:&quot;classic&quot;,&quot;shape_divider_top&quot;:&quot;arrow&quot;}\">\n\t\t\t\t\t<div class=\"e-con-inner\">\n\t\t\t\t<div class=\"elementor-shape elementor-shape-top\" aria-hidden=\"true\" data-negative=\"false\">\n\t\t\t<svg xmlns=\"http:\/\/www.w3.org\/2000\/svg\" viewbox=\"0 0 700 10\" preserveaspectratio=\"none\">\n\t<path class=\"elementor-shape-fill\" d=\"M350,10L340,0h20L350,10z\"\/>\n<\/svg>\t\t<\/div>\n\t\t<div class=\"elementor-element elementor-element-440bec5 e-con-full e-flex wpr-particle-no wpr-jarallax-no wpr-parallax-no wpr-sticky-section-no wpr-column-slider-no wpr-equal-height-no e-con e-parent\" data-id=\"440bec5\" data-element_type=\"container\" data-e-type=\"container\">\n\t\t\t\t<\/div>\n\t\t<div class=\"elementor-element elementor-element-5d79a11 e-con-full e-flex wpr-particle-no wpr-jarallax-no wpr-parallax-no wpr-sticky-section-no wpr-column-slider-no wpr-equal-height-no e-con e-parent\" data-id=\"5d79a11\" data-element_type=\"container\" data-e-type=\"container\">\n\t\t\t\t<div class=\"elementor-element elementor-element-fc3541c elementor-widget elementor-widget-heading\" data-id=\"fc3541c\" data-element_type=\"widget\" data-e-type=\"widget\" data-widget_type=\"heading.default\">\n\t\t\t\t<div class=\"elementor-widget-container\">\n\t\t\t\t\t<p class=\"elementor-heading-title elementor-size-default\">FILL OUT THE FORM<\/p>\t\t\t\t<\/div>\n\t\t\t\t<\/div>\n\t\t\t\t<div class=\"elementor-element elementor-element-45ed93c elementor-widget elementor-widget-heading\" data-id=\"45ed93c\" data-element_type=\"widget\" data-e-type=\"widget\" data-widget_type=\"heading.default\">\n\t\t\t\t<div class=\"elementor-widget-container\">\n\t\t\t\t\t<h2 class=\"elementor-heading-title elementor-size-default\">Request <span class=\"subrayado\">more information below.<\/span><\/h2>\t\t\t\t<\/div>\n\t\t\t\t<\/div>\n\t\t\t\t<div class=\"elementor-element elementor-element-90aeca4 elementor-widget elementor-widget-html\" data-id=\"90aeca4\" data-element_type=\"widget\" data-e-type=\"widget\" data-widget_type=\"html.default\">\n\t\t\t\t<div class=\"elementor-widget-container\">\n\t\t\t\t\t<div style=\"color:white\">\r\n<div data-form-block-id=\"4dbeba8c-5367-ee11-9ae7-000d3aaa05cb\"><\/div> <script src=\"https:\/\/mktdplp102cdn.azureedge.net\/public\/latest\/js\/form-loader.js?v=1.84.2007\"><\/script> <div id=\"dgAR-qjlVdR23cctRcIMmWi9hP62CLwo6fZxeXAhmWRw\"><\/div><script src=\"https:\/\/mktdplp102cdn.azureedge.net\/public\/latest\/js\/ws-tracking.js?v=1.84.2007\"><\/script><div class=\"d365-mkt-config\" style=\"display:none\" data-website-id=\"gAR-qjlVdR23cctRcIMmWi9hP62CLwo6fZxeXAhmWRw\" data-hostname=\"9f6ea94596e34de789535775a8978a98.svc.dynamics.com\"><\/div>\r\n<\/div>\t\t\t\t<\/div>\n\t\t\t\t<\/div>\n\t\t\t\t<\/div>\n\t\t<div class=\"elementor-element elementor-element-d3dbeac e-con-full e-flex wpr-particle-no wpr-jarallax-no wpr-parallax-no wpr-sticky-section-no wpr-column-slider-no wpr-equal-height-no e-con e-parent\" data-id=\"d3dbeac\" data-element_type=\"container\" data-e-type=\"container\">\n\t\t\t\t<\/div>\n\t\t\t\t\t<\/div>\n\t\t\t\t<\/div>\n\t\t\t\t<\/div>","protected":false},"excerpt":{"rendered":"<p>TODO A TU GUSTO Dise\u00f1o de contenidos a medida \u00bfHas visto nuestros cursos y te gustar\u00eda que los tuyos tuvieran las mismas caracter\u00edsticas? Podemos dise\u00f1ar tus contenidos para su publicaci\u00f3n en diferentes formatos multimedia. Gracias a la experiencia de nuestro equipo y nuestra eficacia en los procesos de dise\u00f1o de contenidos, somos la empresa m\u00e1s<\/p>","protected":false},"author":1,"featured_media":0,"parent":0,"menu_order":0,"comment_status":"closed","ping_status":"closed","template":"","meta":{"site-sidebar-layout":"no-sidebar","site-content-layout":"page-builder","ast-site-content-layout":"full-width-container","site-content-style":"unboxed","site-sidebar-style":"default","ast-global-header-display":"","ast-banner-title-visibility":"","ast-main-header-display":"","ast-hfb-above-header-display":"","ast-hfb-below-header-display":"","ast-hfb-mobile-header-display":"","site-post-title":"disabled","ast-breadcrumbs-content":"","ast-featured-img":"disabled","footer-sml-layout":"","ast-disable-related-posts":"","theme-transparent-header-meta":"","adv-header-id-meta":"","stick-header-meta":"","header-above-stick-meta":"","header-main-stick-meta":"","header-below-stick-meta":"","astra-migrate-meta-layouts":"set","ast-page-background-enabled":"default","ast-page-background-meta":{"desktop":{"background-color":"var(--ast-global-color-4)","background-image":"","background-repeat":"repeat","background-position":"center center","background-size":"auto","background-attachment":"scroll","background-type":"","background-media":"","overlay-type":"","overlay-color":"","overlay-opacity":"","overlay-gradient":""},"tablet":{"background-color":"","background-image":"","background-repeat":"repeat","background-position":"center center","background-size":"auto","background-attachment":"scroll","background-type":"","background-media":"","overlay-type":"","overlay-color":"","overlay-opacity":"","overlay-gradient":""},"mobile":{"background-color":"","background-image":"","background-repeat":"repeat","background-position":"center center","background-size":"auto","background-attachment":"scroll","background-type":"","background-media":"","overlay-type":"","overlay-color":"","overlay-opacity":"","overlay-gradient":""}},"ast-content-background-meta":{"desktop":{"background-color":"var(--ast-global-color-5)","background-image":"","background-repeat":"repeat","background-position":"center center","background-size":"auto","background-attachment":"scroll","background-type":"","background-media":"","overlay-type":"","overlay-color":"","overlay-opacity":"","overlay-gradient":""},"tablet":{"background-color":"var(--ast-global-color-5)","background-image":"","background-repeat":"repeat","background-position":"center center","background-size":"auto","background-attachment":"scroll","background-type":"","background-media":"","overlay-type":"","overlay-color":"","overlay-opacity":"","overlay-gradient":""},"mobile":{"background-color":"var(--ast-global-color-5)","background-image":"","background-repeat":"repeat","background-position":"center center","background-size":"auto","background-attachment":"scroll","background-type":"","background-media":"","overlay-type":"","overlay-color":"","overlay-opacity":"","overlay-gradient":""}},"footnotes":""},"class_list":["post-680","page","type-page","status-publish","hentry"],"yoast_head":"<!-- This site is optimized with the Yoast SEO plugin v27.6 - https:\/\/yoast.com\/product\/yoast-seo-wordpress\/ -->\n<title>Dise\u00f1o de Contenidos a Medida | Kings Corner Development<\/title>\n<meta name=\"description\" content=\"Podemos dise\u00f1ar tus contenidos para su publicaci\u00f3n en diferentes formatos multimedia. Gracias a la experiencia de nuestro equipo y nuestra eficacia en los procesos de dise\u00f1o de contenidos, somos la empresa m\u00e1s competitiva en Espa\u00f1a. Adem\u00e1s, te asesoramos sobre qu\u00e9 formatos y dise\u00f1os ser\u00e1n m\u00e1s adecuados para tus cursos.\" \/>\n<meta name=\"robots\" content=\"index, follow, max-snippet:-1, max-image-preview:large, max-video-preview:-1\" \/>\n<link rel=\"canonical\" href=\"https:\/\/development.kingscorner.es\/en\/diseno-de-contenidos-a-medida\/\" \/>\n<meta property=\"og:locale\" content=\"en_GB\" \/>\n<meta property=\"og:type\" content=\"article\" \/>\n<meta property=\"og:title\" content=\"Dise\u00f1o de Contenidos a Medida | Kings Corner Development\" \/>\n<meta property=\"og:description\" content=\"Podemos dise\u00f1ar tus contenidos para su publicaci\u00f3n en diferentes formatos multimedia. Gracias a la experiencia de nuestro equipo y nuestra eficacia en los procesos de dise\u00f1o de contenidos, somos la empresa m\u00e1s competitiva en Espa\u00f1a. Adem\u00e1s, te asesoramos sobre qu\u00e9 formatos y dise\u00f1os ser\u00e1n m\u00e1s adecuados para tus cursos.\" \/>\n<meta property=\"og:url\" content=\"https:\/\/development.kingscorner.es\/en\/diseno-de-contenidos-a-medida\/\" \/>\n<meta property=\"og:site_name\" content=\"Kings Corner Development\" \/>\n<meta property=\"article:modified_time\" content=\"2023-10-31T10:51:20+00:00\" \/>\n<meta property=\"og:image\" content=\"https:\/\/development.kingscorner.es\/wp-content\/uploads\/2023\/07\/Diseno-de-contenidos-a-medida-con-Kings-Corner-Development.svg\" \/>\n<meta name=\"twitter:card\" content=\"summary_large_image\" \/>\n<meta name=\"twitter:label1\" content=\"Estimated reading time\" \/>\n\t<meta name=\"twitter:data1\" content=\"1 minute\" \/>\n<script type=\"application\/ld+json\" class=\"yoast-schema-graph\">{\"@context\":\"https:\\\/\\\/schema.org\",\"@graph\":[{\"@type\":\"WebPage\",\"@id\":\"https:\\\/\\\/development.kingscorner.es\\\/diseno-de-contenidos-a-medida\\\/\",\"url\":\"https:\\\/\\\/development.kingscorner.es\\\/diseno-de-contenidos-a-medida\\\/\",\"name\":\"Dise\u00f1o de Contenidos a Medida | Kings Corner Development\",\"isPartOf\":{\"@id\":\"https:\\\/\\\/development.kingscorner.es\\\/#website\"},\"primaryImageOfPage\":{\"@id\":\"https:\\\/\\\/development.kingscorner.es\\\/diseno-de-contenidos-a-medida\\\/#primaryimage\"},\"image\":{\"@id\":\"https:\\\/\\\/development.kingscorner.es\\\/diseno-de-contenidos-a-medida\\\/#primaryimage\"},\"thumbnailUrl\":\"https:\\\/\\\/development.kingscorner.es\\\/wp-content\\\/uploads\\\/2023\\\/07\\\/Diseno-de-contenidos-a-medida-con-Kings-Corner-Development.svg\",\"datePublished\":\"2023-07-28T09:00:07+00:00\",\"dateModified\":\"2023-10-31T10:51:20+00:00\",\"description\":\"Podemos dise\u00f1ar tus contenidos para su publicaci\u00f3n en diferentes formatos multimedia. Gracias a la experiencia de nuestro equipo y nuestra eficacia en los procesos de dise\u00f1o de contenidos, somos la empresa m\u00e1s competitiva en Espa\u00f1a. Adem\u00e1s, te asesoramos sobre qu\u00e9 formatos y dise\u00f1os ser\u00e1n m\u00e1s adecuados para tus cursos.\",\"breadcrumb\":{\"@id\":\"https:\\\/\\\/development.kingscorner.es\\\/diseno-de-contenidos-a-medida\\\/#breadcrumb\"},\"inLanguage\":\"en-GB\",\"potentialAction\":[{\"@type\":\"ReadAction\",\"target\":[\"https:\\\/\\\/development.kingscorner.es\\\/diseno-de-contenidos-a-medida\\\/\"]}]},{\"@type\":\"ImageObject\",\"inLanguage\":\"en-GB\",\"@id\":\"https:\\\/\\\/development.kingscorner.es\\\/diseno-de-contenidos-a-medida\\\/#primaryimage\",\"url\":\"https:\\\/\\\/development.kingscorner.es\\\/wp-content\\\/uploads\\\/2023\\\/07\\\/Diseno-de-contenidos-a-medida-con-Kings-Corner-Development.svg\",\"contentUrl\":\"https:\\\/\\\/development.kingscorner.es\\\/wp-content\\\/uploads\\\/2023\\\/07\\\/Diseno-de-contenidos-a-medida-con-Kings-Corner-Development.svg\"},{\"@type\":\"BreadcrumbList\",\"@id\":\"https:\\\/\\\/development.kingscorner.es\\\/diseno-de-contenidos-a-medida\\\/#breadcrumb\",\"itemListElement\":[{\"@type\":\"ListItem\",\"position\":1,\"name\":\"Portada\",\"item\":\"https:\\\/\\\/development.kingscorner.es\\\/\"},{\"@type\":\"ListItem\",\"position\":2,\"name\":\"Dise\u00f1o de contenidos a medida\"}]},{\"@type\":\"WebSite\",\"@id\":\"https:\\\/\\\/development.kingscorner.es\\\/#website\",\"url\":\"https:\\\/\\\/development.kingscorner.es\\\/\",\"name\":\"Kings Corner Development\",\"description\":\"Kings Corner Development. Las mejores soluciones e-learning para tu empresa\",\"publisher\":{\"@id\":\"https:\\\/\\\/development.kingscorner.es\\\/#organization\"},\"potentialAction\":[{\"@type\":\"SearchAction\",\"target\":{\"@type\":\"EntryPoint\",\"urlTemplate\":\"https:\\\/\\\/development.kingscorner.es\\\/?s={search_term_string}\"},\"query-input\":{\"@type\":\"PropertyValueSpecification\",\"valueRequired\":true,\"valueName\":\"search_term_string\"}}],\"inLanguage\":\"en-GB\"},{\"@type\":\"Organization\",\"@id\":\"https:\\\/\\\/development.kingscorner.es\\\/#organization\",\"name\":\"Kings Corner Development\",\"url\":\"https:\\\/\\\/development.kingscorner.es\\\/\",\"logo\":{\"@type\":\"ImageObject\",\"inLanguage\":\"en-GB\",\"@id\":\"https:\\\/\\\/development.kingscorner.es\\\/#\\\/schema\\\/logo\\\/image\\\/\",\"url\":\"https:\\\/\\\/development.kingscorner.es\\\/wp-content\\\/uploads\\\/2023\\\/07\\\/logo-kings-corner-development.svg\",\"contentUrl\":\"https:\\\/\\\/development.kingscorner.es\\\/wp-content\\\/uploads\\\/2023\\\/07\\\/logo-kings-corner-development.svg\",\"width\":192,\"height\":42,\"caption\":\"Kings Corner Development\"},\"image\":{\"@id\":\"https:\\\/\\\/development.kingscorner.es\\\/#\\\/schema\\\/logo\\\/image\\\/\"}}]}<\/script>\n<!-- \/ Yoast SEO plugin. -->","yoast_head_json":{"title":"Dise\u00f1o de Contenidos a Medida | Kings Corner Development","description":"We can design and develop your training content for publication in different multimedia formats. Thanks to our team\u2019s extensive experience and highly efficient content design processes, we are one of the most competitive companies in Spain. In addition, we provide expert advice on which formats and designs best suit your training needs and educational goals.","robots":{"index":"index","follow":"follow","max-snippet":"max-snippet:-1","max-image-preview":"max-image-preview:large","max-video-preview":"max-video-preview:-1"},"canonical":"https:\/\/development.kingscorner.es\/en\/diseno-de-contenidos-a-medida\/","og_locale":"en_GB","og_type":"article","og_title":"Dise\u00f1o de Contenidos a Medida | Kings Corner Development","og_description":"Podemos dise\u00f1ar tus contenidos para su publicaci\u00f3n en diferentes formatos multimedia. Gracias a la experiencia de nuestro equipo y nuestra eficacia en los procesos de dise\u00f1o de contenidos, somos la empresa m\u00e1s competitiva en Espa\u00f1a. Adem\u00e1s, te asesoramos sobre qu\u00e9 formatos y dise\u00f1os ser\u00e1n m\u00e1s adecuados para tus cursos.","og_url":"https:\/\/development.kingscorner.es\/en\/diseno-de-contenidos-a-medida\/","og_site_name":"Kings Corner Development","article_modified_time":"2023-10-31T10:51:20+00:00","og_image":[{"url":"https:\/\/development.kingscorner.es\/wp-content\/uploads\/2023\/07\/Diseno-de-contenidos-a-medida-con-Kings-Corner-Development.svg","type":"","width":"","height":""}],"twitter_card":"summary_large_image","twitter_misc":{"Estimated reading time":"1 minute"},"schema":{"@context":"https:\/\/schema.org","@graph":[{"@type":"WebPage","@id":"https:\/\/development.kingscorner.es\/diseno-de-contenidos-a-medida\/","url":"https:\/\/development.kingscorner.es\/diseno-de-contenidos-a-medida\/","name":"Dise\u00f1o de Contenidos a Medida | Kings Corner Development","isPartOf":{"@id":"https:\/\/development.kingscorner.es\/#website"},"primaryImageOfPage":{"@id":"https:\/\/development.kingscorner.es\/diseno-de-contenidos-a-medida\/#primaryimage"},"image":{"@id":"https:\/\/development.kingscorner.es\/diseno-de-contenidos-a-medida\/#primaryimage"},"thumbnailUrl":"https:\/\/development.kingscorner.es\/wp-content\/uploads\/2023\/07\/Diseno-de-contenidos-a-medida-con-Kings-Corner-Development.svg","datePublished":"2023-07-28T09:00:07+00:00","dateModified":"2023-10-31T10:51:20+00:00","description":"We can design and develop your training content for publication in different multimedia formats. Thanks to our team\u2019s extensive experience and highly efficient content design processes, we are one of the most competitive companies in Spain. In addition, we provide expert advice on which formats and designs best suit your training needs and educational goals.","breadcrumb":{"@id":"https:\/\/development.kingscorner.es\/diseno-de-contenidos-a-medida\/#breadcrumb"},"inLanguage":"en-GB","potentialAction":[{"@type":"ReadAction","target":["https:\/\/development.kingscorner.es\/diseno-de-contenidos-a-medida\/"]}]},{"@type":"ImageObject","inLanguage":"en-GB","@id":"https:\/\/development.kingscorner.es\/diseno-de-contenidos-a-medida\/#primaryimage","url":"https:\/\/development.kingscorner.es\/wp-content\/uploads\/2023\/07\/Diseno-de-contenidos-a-medida-con-Kings-Corner-Development.svg","contentUrl":"https:\/\/development.kingscorner.es\/wp-content\/uploads\/2023\/07\/Diseno-de-contenidos-a-medida-con-Kings-Corner-Development.svg"},{"@type":"BreadcrumbList","@id":"https:\/\/development.kingscorner.es\/diseno-de-contenidos-a-medida\/#breadcrumb","itemListElement":[{"@type":"ListItem","position":1,"name":"Portada","item":"https:\/\/development.kingscorner.es\/"},{"@type":"ListItem","position":2,"name":"Dise\u00f1o de contenidos a medida"}]},{"@type":"WebSite","@id":"https:\/\/development.kingscorner.es\/#website","url":"https:\/\/development.kingscorner.es\/","name":"Kings Corner Development","description":"Kings Corner Development. Las mejores soluciones e-learning para tu empresa","publisher":{"@id":"https:\/\/development.kingscorner.es\/#organization"},"potentialAction":[{"@type":"SearchAction","target":{"@type":"EntryPoint","urlTemplate":"https:\/\/development.kingscorner.es\/?s={search_term_string}"},"query-input":{"@type":"PropertyValueSpecification","valueRequired":true,"valueName":"search_term_string"}}],"inLanguage":"en-GB"},{"@type":"Organization","@id":"https:\/\/development.kingscorner.es\/#organization","name":"Kings Corner Development","url":"https:\/\/development.kingscorner.es\/","logo":{"@type":"ImageObject","inLanguage":"en-GB","@id":"https:\/\/development.kingscorner.es\/#\/schema\/logo\/image\/","url":"https:\/\/development.kingscorner.es\/wp-content\/uploads\/2023\/07\/logo-kings-corner-development.svg","contentUrl":"https:\/\/development.kingscorner.es\/wp-content\/uploads\/2023\/07\/logo-kings-corner-development.svg","width":192,"height":42,"caption":"Kings Corner Development"},"image":{"@id":"https:\/\/development.kingscorner.es\/#\/schema\/logo\/image\/"}}]}},"_links":{"self":[{"href":"https:\/\/development.kingscorner.es\/en\/wp-json\/wp\/v2\/pages\/680","targetHints":{"allow":["GET"]}}],"collection":[{"href":"https:\/\/development.kingscorner.es\/en\/wp-json\/wp\/v2\/pages"}],"about":[{"href":"https:\/\/development.kingscorner.es\/en\/wp-json\/wp\/v2\/types\/page"}],"author":[{"embeddable":true,"href":"https:\/\/development.kingscorner.es\/en\/wp-json\/wp\/v2\/users\/1"}],"replies":[{"embeddable":true,"href":"https:\/\/development.kingscorner.es\/en\/wp-json\/wp\/v2\/comments?post=680"}],"version-history":[{"count":83,"href":"https:\/\/development.kingscorner.es\/en\/wp-json\/wp\/v2\/pages\/680\/revisions"}],"predecessor-version":[{"id":3233,"href":"https:\/\/development.kingscorner.es\/en\/wp-json\/wp\/v2\/pages\/680\/revisions\/3233"}],"wp:attachment":[{"href":"https:\/\/development.kingscorner.es\/en\/wp-json\/wp\/v2\/media?parent=680"}],"curies":[{"name":"wp","href":"https:\/\/api.w.org\/{rel}","templated":true}]}}