{"id":877,"date":"2023-07-28T11:55:33","date_gmt":"2023-07-28T11:55:33","guid":{"rendered":"https:\/\/development.kingscorner.es\/?page_id=877"},"modified":"2023-09-20T11:29:27","modified_gmt":"2023-09-20T11:29:27","slug":"acceso-campus","status":"publish","type":"page","link":"https:\/\/development.kingscorner.es\/en\/acceso-campus\/","title":{"rendered":"LMS LOGIN"},"content":{"rendered":"<div data-elementor-type=\"wp-page\" data-elementor-id=\"877\" class=\"elementor elementor-877\">\n\t\t\t\t<div class=\"elementor-element elementor-element-2d4d45c e-con-full e-flex wpr-particle-no wpr-jarallax-no wpr-parallax-no wpr-sticky-section-no wpr-column-slider-no wpr-equal-height-no e-con e-parent\" data-id=\"2d4d45c\" data-element_type=\"container\" data-e-type=\"container\" data-settings=\"{&quot;background_background&quot;:&quot;classic&quot;}\">\n\t\t<div class=\"elementor-element elementor-element-bcadede e-con-full elementor-hidden-mobile e-flex wpr-particle-no wpr-jarallax-no wpr-parallax-no wpr-sticky-section-no wpr-column-slider-no wpr-equal-height-no e-con e-parent\" data-id=\"bcadede\" data-element_type=\"container\" data-e-type=\"container\">\n\t\t\t\t<div class=\"elementor-element elementor-element-228caf6 elementor-widget elementor-widget-image\" data-id=\"228caf6\" data-element_type=\"widget\" data-e-type=\"widget\" data-widget_type=\"image.default\">\n\t\t\t\t<div class=\"elementor-widget-container\">\n\t\t\t\t\t\t\t\t\t\t\t\t\t\t\t<img fetchpriority=\"high\" decoding=\"async\" width=\"600\" height=\"600\" src=\"https:\/\/development.kingscorner.es\/wp-content\/uploads\/2023\/07\/Kings-Corner-Development-Acceso-campus-izquierda.png\" class=\"attachment-full size-full wp-image-893\" alt=\"Accede al campus online de Kings Corner Development\" srcset=\"https:\/\/development.kingscorner.es\/wp-content\/uploads\/2023\/07\/Kings-Corner-Development-Acceso-campus-izquierda.png 600w, https:\/\/development.kingscorner.es\/wp-content\/uploads\/2023\/07\/Kings-Corner-Development-Acceso-campus-izquierda-300x300.png 300w, https:\/\/development.kingscorner.es\/wp-content\/uploads\/2023\/07\/Kings-Corner-Development-Acceso-campus-izquierda-150x150.png 150w\" sizes=\"(max-width: 600px) 100vw, 600px\" \/>\t\t\t\t\t\t\t\t\t\t\t\t\t\t\t<\/div>\n\t\t\t\t<\/div>\n\t\t\t\t<\/div>\n\t\t<div class=\"elementor-element elementor-element-00a23f3 e-con-full e-flex wpr-particle-no wpr-jarallax-no wpr-parallax-no wpr-sticky-section-no wpr-column-slider-no wpr-equal-height-no e-con e-parent\" data-id=\"00a23f3\" data-element_type=\"container\" data-e-type=\"container\" data-settings=\"{&quot;background_background&quot;:&quot;classic&quot;}\">\n\t\t\t\t<div class=\"elementor-element elementor-element-7d58a8b elementor-widget elementor-widget-heading\" data-id=\"7d58a8b\" data-element_type=\"widget\" data-e-type=\"widget\" data-widget_type=\"heading.default\">\n\t\t\t\t<div class=\"elementor-widget-container\">\n\t\t\t\t\t<p class=\"elementor-heading-title elementor-size-default\">WELCOME!<\/p>\t\t\t\t<\/div>\n\t\t\t\t<\/div>\n\t\t\t\t<div class=\"elementor-element elementor-element-d1387f5 elementor-widget elementor-widget-heading\" data-id=\"d1387f5\" data-element_type=\"widget\" data-e-type=\"widget\" data-widget_type=\"heading.default\">\n\t\t\t\t<div class=\"elementor-widget-container\">\n\t\t\t\t\t<h2 class=\"elementor-heading-title elementor-size-default\">Log In<\/h2>\t\t\t\t<\/div>\n\t\t\t\t<\/div>\n\t\t\t\t<div class=\"elementor-element elementor-element-330aa9c elementor-widget elementor-widget-shortcode\" data-id=\"330aa9c\" data-element_type=\"widget\" data-e-type=\"widget\" data-widget_type=\"shortcode.default\">\n\t\t\t\t<div class=\"elementor-widget-container\">\n\t\t\t\t\t\t\t<div class=\"elementor-shortcode\"><form class=\"muwp_loginCampusMoodle\" name=\"muwp_loginCampusMoodle\" method=\"post\" action=\"https:\/\/cursos.kingscorner.es\/login\/index.php\">\n    <div class=\"\">\n        <input type=\"text\" id=\"username\" aria-describedby=\"username\" placeholder=\"Introduce tu usuario\" name=\"username\" required>\n    <\/div>\n    <div class=\"muwp_passwordContainer\">\n        <input type=\"password\" id=\"password\" aria-describedby=\"password\" placeholder=\"Contrase\u00f1a\" name=\"password\" required>\n        <button type=\"button\" class=\"muwp_togglePass\" >\n\n            <div class=\"muwp_show\">\n                <svg xmlns=\"http:\/\/www.w3.org\/2000\/svg\" class=\"icon icon-tabler icon-tabler-eye\" width=\"25\" height=\"25\" viewbox=\"0 0 24 24\" stroke-width=\"2\" stroke=\"currentColor\" fill=\"none\" stroke-linecap=\"round\" stroke-linejoin=\"round\">\n                    <path stroke=\"none\" d=\"M0 0h24v24H0z\" fill=\"none\"><\/path>\n                    <path d=\"M10 12a2 2 0 1 0 4 0a2 2 0 0 0 -4 0\"><\/path>\n                    <path d=\"M21 12c-2.4 4 -5.4 6 -9 6c-3.6 0 -6.6 -2 -9 -6c2.4 -4 5.4 -6 9 -6c3.6 0 6.6 2 9 6\"><\/path>\n                <\/svg>\n            <\/div>\n            <div class=\"muwp_hide\">\n                <svg xmlns=\"http:\/\/www.w3.org\/2000\/svg\" class=\"icon icon-tabler icon-tabler-eye-closed\" width=\"25\" height=\"25\" viewbox=\"0 0 24 24\" stroke-width=\"2\" stroke=\"currentColor\" fill=\"none\" stroke-linecap=\"round\" stroke-linejoin=\"round\">\n                    <path stroke=\"none\" d=\"M0 0h24v24H0z\" fill=\"none\"><\/path>\n                    <path d=\"M21 9c-2.4 2.667 -5.4 4 -9 4c-3.6 0 -6.6 -1.333 -9 -4\"><\/path>\n                    <path d=\"M3 15l2.5 -3.8\"><\/path>\n                    <path d=\"M21 14.976l-2.492 -3.776\"><\/path>\n                    <path d=\"M9 17l.5 -4\"><\/path>\n                    <path d=\"M15 17l-.5 -4\"><\/path>\n                <\/svg>\n            <\/div>\n\n\n        <\/button>\n    <\/div>\n    <!-- <div id=\"errorMessage\" class=\"alert alert-danger\" style=\"display:none\"><\/div> -->\n    <div class=\"\">\n        <button name=\"Submit\" type=\"submit\" >LOG IN<\/button>\n        <br>\n    <\/div>\n\n    <div>\n        <a href=\"https:\/\/cursos.kingscorner.es\/login\/forgot_password.php\" rel=\"nofollow\" target=\"_blank\" style=\"font-size:.8em\"> * I have forgotten my password<\/a>\n    <\/div>\n<\/form>\n\n\n\n\n<\/div>\n\t\t\t\t\t\t<\/div>\n\t\t\t\t<\/div>\n\t\t\t\t<div class=\"elementor-element elementor-element-3b2195f elementor-widget elementor-widget-text-editor\" data-id=\"3b2195f\" data-element_type=\"widget\" data-e-type=\"widget\" data-widget_type=\"text-editor.default\">\n\t\t\t\t<div class=\"elementor-widget-container\">\n\t\t\t\t\t\t\t\t\t<p>Discover our virtual campus and learn from any device. At Kings Corner, we combine technology and learning to offer you a unique experience.<\/p>\t\t\t\t\t\t\t\t<\/div>\n\t\t\t\t<\/div>\n\t\t\t\t<\/div>\n\t\t<div class=\"elementor-element elementor-element-fde71c4 e-con-full elementor-hidden-mobile elementor-hidden-tablet e-flex wpr-particle-no wpr-jarallax-no wpr-parallax-no wpr-sticky-section-no wpr-column-slider-no wpr-equal-height-no e-con e-parent\" data-id=\"fde71c4\" data-element_type=\"container\" data-e-type=\"container\">\n\t\t\t\t<div class=\"elementor-element elementor-element-f7a8286 elementor-widget elementor-widget-image\" data-id=\"f7a8286\" data-element_type=\"widget\" data-e-type=\"widget\" data-widget_type=\"image.default\">\n\t\t\t\t<div class=\"elementor-widget-container\">\n\t\t\t\t\t\t\t\t\t\t\t\t\t\t\t<img decoding=\"async\" width=\"600\" height=\"600\" src=\"https:\/\/development.kingscorner.es\/wp-content\/uploads\/2023\/07\/Kings-Corner-Development-Acceso-campus-derecha-1.png\" class=\"attachment-full size-full wp-image-894\" alt=\"Kings Corner Development Acceso campus izquierda\" srcset=\"https:\/\/development.kingscorner.es\/wp-content\/uploads\/2023\/07\/Kings-Corner-Development-Acceso-campus-derecha-1.png 600w, https:\/\/development.kingscorner.es\/wp-content\/uploads\/2023\/07\/Kings-Corner-Development-Acceso-campus-derecha-1-300x300.png 300w, https:\/\/development.kingscorner.es\/wp-content\/uploads\/2023\/07\/Kings-Corner-Development-Acceso-campus-derecha-1-150x150.png 150w\" sizes=\"(max-width: 600px) 100vw, 600px\" \/>\t\t\t\t\t\t\t\t\t\t\t\t\t\t\t<\/div>\n\t\t\t\t<\/div>\n\t\t\t\t<\/div>\n\t\t\t\t<\/div>\n\t\t\t\t<\/div>","protected":false},"excerpt":{"rendered":"<p>\u00a1BIENVENIDO! Inicia sesi\u00f3n Descubre nuestro campus virtual y f\u00f3rmate desde cualquier dispositivo. En Kings Corner, combinamos tecnolog\u00eda y aprendizaje para ofrecerte una experiencia \u00fanica.<\/p>","protected":false},"author":1,"featured_media":0,"parent":0,"menu_order":0,"comment_status":"closed","ping_status":"closed","template":"","meta":{"site-sidebar-layout":"no-sidebar","site-content-layout":"page-builder","ast-site-content-layout":"default","site-content-style":"default","site-sidebar-style":"default","ast-global-header-display":"","ast-banner-title-visibility":"","ast-main-header-display":"","ast-hfb-above-header-display":"","ast-hfb-below-header-display":"","ast-hfb-mobile-header-display":"","site-post-title":"disabled","ast-breadcrumbs-content":"","ast-featured-img":"disabled","footer-sml-layout":"","ast-disable-related-posts":"","theme-transparent-header-meta":"","adv-header-id-meta":"","stick-header-meta":"","header-above-stick-meta":"","header-main-stick-meta":"","header-below-stick-meta":"","astra-migrate-meta-layouts":"default","ast-page-background-enabled":"default","ast-page-background-meta":{"desktop":{"background-color":"var(--ast-global-color-4)","background-image":"","background-repeat":"repeat","background-position":"center center","background-size":"auto","background-attachment":"scroll","background-type":"","background-media":"","overlay-type":"","overlay-color":"","overlay-opacity":"","overlay-gradient":""},"tablet":{"background-color":"","background-image":"","background-repeat":"repeat","background-position":"center center","background-size":"auto","background-attachment":"scroll","background-type":"","background-media":"","overlay-type":"","overlay-color":"","overlay-opacity":"","overlay-gradient":""},"mobile":{"background-color":"","background-image":"","background-repeat":"repeat","background-position":"center center","background-size":"auto","background-attachment":"scroll","background-type":"","background-media":"","overlay-type":"","overlay-color":"","overlay-opacity":"","overlay-gradient":""}},"ast-content-background-meta":{"desktop":{"background-color":"var(--ast-global-color-5)","background-image":"","background-repeat":"repeat","background-position":"center center","background-size":"auto","background-attachment":"scroll","background-type":"","background-media":"","overlay-type":"","overlay-color":"","overlay-opacity":"","overlay-gradient":""},"tablet":{"background-color":"var(--ast-global-color-5)","background-image":"","background-repeat":"repeat","background-position":"center center","background-size":"auto","background-attachment":"scroll","background-type":"","background-media":"","overlay-type":"","overlay-color":"","overlay-opacity":"","overlay-gradient":""},"mobile":{"background-color":"var(--ast-global-color-5)","background-image":"","background-repeat":"repeat","background-position":"center center","background-size":"auto","background-attachment":"scroll","background-type":"","background-media":"","overlay-type":"","overlay-color":"","overlay-opacity":"","overlay-gradient":""}},"footnotes":""},"class_list":["post-877","page","type-page","status-publish","hentry"],"yoast_head":"<!-- This site is optimized with the Yoast SEO plugin v27.6 - https:\/\/yoast.com\/product\/yoast-seo-wordpress\/ -->\n<title>Acceso al campus - Kings Corner Development<\/title>\n<meta name=\"robots\" content=\"index, follow, max-snippet:-1, max-image-preview:large, max-video-preview:-1\" \/>\n<link rel=\"canonical\" href=\"https:\/\/development.kingscorner.es\/en\/acceso-campus\/\" \/>\n<meta property=\"og:locale\" content=\"en_GB\" \/>\n<meta property=\"og:type\" content=\"article\" \/>\n<meta property=\"og:title\" content=\"Acceso al campus - Kings Corner Development\" \/>\n<meta property=\"og:description\" content=\"\u00a1BIENVENIDO! Inicia sesi\u00f3n Descubre nuestro campus virtual y f\u00f3rmate desde cualquier dispositivo. En Kings Corner, combinamos tecnolog\u00eda y aprendizaje para ofrecerte una experiencia \u00fanica.\" \/>\n<meta property=\"og:url\" content=\"https:\/\/development.kingscorner.es\/en\/acceso-campus\/\" \/>\n<meta property=\"og:site_name\" content=\"Kings Corner Development\" \/>\n<meta property=\"article:modified_time\" content=\"2023-09-20T11:29:27+00:00\" \/>\n<meta property=\"og:image\" content=\"https:\/\/development.kingscorner.es\/wp-content\/uploads\/2023\/07\/Kings-Corner-Development-Acceso-campus-izquierda.png\" \/>\n<meta name=\"twitter:card\" content=\"summary_large_image\" \/>\n<meta name=\"twitter:label1\" content=\"Estimated reading time\" \/>\n\t<meta name=\"twitter:data1\" content=\"1 minute\" \/>\n<script type=\"application\/ld+json\" class=\"yoast-schema-graph\">{\"@context\":\"https:\\\/\\\/schema.org\",\"@graph\":[{\"@type\":\"WebPage\",\"@id\":\"https:\\\/\\\/development.kingscorner.es\\\/acceso-campus\\\/\",\"url\":\"https:\\\/\\\/development.kingscorner.es\\\/acceso-campus\\\/\",\"name\":\"Acceso al campus - Kings Corner Development\",\"isPartOf\":{\"@id\":\"https:\\\/\\\/development.kingscorner.es\\\/#website\"},\"primaryImageOfPage\":{\"@id\":\"https:\\\/\\\/development.kingscorner.es\\\/acceso-campus\\\/#primaryimage\"},\"image\":{\"@id\":\"https:\\\/\\\/development.kingscorner.es\\\/acceso-campus\\\/#primaryimage\"},\"thumbnailUrl\":\"https:\\\/\\\/development.kingscorner.es\\\/wp-content\\\/uploads\\\/2023\\\/07\\\/Kings-Corner-Development-Acceso-campus-izquierda.png\",\"datePublished\":\"2023-07-28T11:55:33+00:00\",\"dateModified\":\"2023-09-20T11:29:27+00:00\",\"breadcrumb\":{\"@id\":\"https:\\\/\\\/development.kingscorner.es\\\/acceso-campus\\\/#breadcrumb\"},\"inLanguage\":\"en-GB\",\"potentialAction\":[{\"@type\":\"ReadAction\",\"target\":[\"https:\\\/\\\/development.kingscorner.es\\\/acceso-campus\\\/\"]}]},{\"@type\":\"ImageObject\",\"inLanguage\":\"en-GB\",\"@id\":\"https:\\\/\\\/development.kingscorner.es\\\/acceso-campus\\\/#primaryimage\",\"url\":\"https:\\\/\\\/development.kingscorner.es\\\/wp-content\\\/uploads\\\/2023\\\/07\\\/Kings-Corner-Development-Acceso-campus-izquierda.png\",\"contentUrl\":\"https:\\\/\\\/development.kingscorner.es\\\/wp-content\\\/uploads\\\/2023\\\/07\\\/Kings-Corner-Development-Acceso-campus-izquierda.png\"},{\"@type\":\"BreadcrumbList\",\"@id\":\"https:\\\/\\\/development.kingscorner.es\\\/acceso-campus\\\/#breadcrumb\",\"itemListElement\":[{\"@type\":\"ListItem\",\"position\":1,\"name\":\"Portada\",\"item\":\"https:\\\/\\\/development.kingscorner.es\\\/\"},{\"@type\":\"ListItem\",\"position\":2,\"name\":\"Acceso al campus\"}]},{\"@type\":\"WebSite\",\"@id\":\"https:\\\/\\\/development.kingscorner.es\\\/#website\",\"url\":\"https:\\\/\\\/development.kingscorner.es\\\/\",\"name\":\"Kings Corner Development\",\"description\":\"Kings Corner Development. Las mejores soluciones e-learning para tu empresa\",\"publisher\":{\"@id\":\"https:\\\/\\\/development.kingscorner.es\\\/#organization\"},\"potentialAction\":[{\"@type\":\"SearchAction\",\"target\":{\"@type\":\"EntryPoint\",\"urlTemplate\":\"https:\\\/\\\/development.kingscorner.es\\\/?s={search_term_string}\"},\"query-input\":{\"@type\":\"PropertyValueSpecification\",\"valueRequired\":true,\"valueName\":\"search_term_string\"}}],\"inLanguage\":\"en-GB\"},{\"@type\":\"Organization\",\"@id\":\"https:\\\/\\\/development.kingscorner.es\\\/#organization\",\"name\":\"Kings Corner Development\",\"url\":\"https:\\\/\\\/development.kingscorner.es\\\/\",\"logo\":{\"@type\":\"ImageObject\",\"inLanguage\":\"en-GB\",\"@id\":\"https:\\\/\\\/development.kingscorner.es\\\/#\\\/schema\\\/logo\\\/image\\\/\",\"url\":\"https:\\\/\\\/development.kingscorner.es\\\/wp-content\\\/uploads\\\/2023\\\/07\\\/logo-kings-corner-development.svg\",\"contentUrl\":\"https:\\\/\\\/development.kingscorner.es\\\/wp-content\\\/uploads\\\/2023\\\/07\\\/logo-kings-corner-development.svg\",\"width\":192,\"height\":42,\"caption\":\"Kings Corner Development\"},\"image\":{\"@id\":\"https:\\\/\\\/development.kingscorner.es\\\/#\\\/schema\\\/logo\\\/image\\\/\"}}]}<\/script>\n<!-- \/ Yoast SEO plugin. -->","yoast_head_json":{"title":"Acceso al campus - Kings Corner Development","robots":{"index":"index","follow":"follow","max-snippet":"max-snippet:-1","max-image-preview":"max-image-preview:large","max-video-preview":"max-video-preview:-1"},"canonical":"https:\/\/development.kingscorner.es\/en\/acceso-campus\/","og_locale":"en_GB","og_type":"article","og_title":"Acceso al campus - Kings Corner Development","og_description":"\u00a1BIENVENIDO! Inicia sesi\u00f3n Descubre nuestro campus virtual y f\u00f3rmate desde cualquier dispositivo. En Kings Corner, combinamos tecnolog\u00eda y aprendizaje para ofrecerte una experiencia \u00fanica.","og_url":"https:\/\/development.kingscorner.es\/en\/acceso-campus\/","og_site_name":"Kings Corner Development","article_modified_time":"2023-09-20T11:29:27+00:00","og_image":[{"url":"https:\/\/development.kingscorner.es\/wp-content\/uploads\/2023\/07\/Kings-Corner-Development-Acceso-campus-izquierda.png","type":"","width":"","height":""}],"twitter_card":"summary_large_image","twitter_misc":{"Estimated reading time":"1 minute"},"schema":{"@context":"https:\/\/schema.org","@graph":[{"@type":"WebPage","@id":"https:\/\/development.kingscorner.es\/acceso-campus\/","url":"https:\/\/development.kingscorner.es\/acceso-campus\/","name":"Acceso al campus - Kings Corner Development","isPartOf":{"@id":"https:\/\/development.kingscorner.es\/#website"},"primaryImageOfPage":{"@id":"https:\/\/development.kingscorner.es\/acceso-campus\/#primaryimage"},"image":{"@id":"https:\/\/development.kingscorner.es\/acceso-campus\/#primaryimage"},"thumbnailUrl":"https:\/\/development.kingscorner.es\/wp-content\/uploads\/2023\/07\/Kings-Corner-Development-Acceso-campus-izquierda.png","datePublished":"2023-07-28T11:55:33+00:00","dateModified":"2023-09-20T11:29:27+00:00","breadcrumb":{"@id":"https:\/\/development.kingscorner.es\/acceso-campus\/#breadcrumb"},"inLanguage":"en-GB","potentialAction":[{"@type":"ReadAction","target":["https:\/\/development.kingscorner.es\/acceso-campus\/"]}]},{"@type":"ImageObject","inLanguage":"en-GB","@id":"https:\/\/development.kingscorner.es\/acceso-campus\/#primaryimage","url":"https:\/\/development.kingscorner.es\/wp-content\/uploads\/2023\/07\/Kings-Corner-Development-Acceso-campus-izquierda.png","contentUrl":"https:\/\/development.kingscorner.es\/wp-content\/uploads\/2023\/07\/Kings-Corner-Development-Acceso-campus-izquierda.png"},{"@type":"BreadcrumbList","@id":"https:\/\/development.kingscorner.es\/acceso-campus\/#breadcrumb","itemListElement":[{"@type":"ListItem","position":1,"name":"Portada","item":"https:\/\/development.kingscorner.es\/"},{"@type":"ListItem","position":2,"name":"Acceso al campus"}]},{"@type":"WebSite","@id":"https:\/\/development.kingscorner.es\/#website","url":"https:\/\/development.kingscorner.es\/","name":"Kings Corner Development","description":"Kings Corner Development. Las mejores soluciones e-learning para tu empresa","publisher":{"@id":"https:\/\/development.kingscorner.es\/#organization"},"potentialAction":[{"@type":"SearchAction","target":{"@type":"EntryPoint","urlTemplate":"https:\/\/development.kingscorner.es\/?s={search_term_string}"},"query-input":{"@type":"PropertyValueSpecification","valueRequired":true,"valueName":"search_term_string"}}],"inLanguage":"en-GB"},{"@type":"Organization","@id":"https:\/\/development.kingscorner.es\/#organization","name":"Kings Corner Development","url":"https:\/\/development.kingscorner.es\/","logo":{"@type":"ImageObject","inLanguage":"en-GB","@id":"https:\/\/development.kingscorner.es\/#\/schema\/logo\/image\/","url":"https:\/\/development.kingscorner.es\/wp-content\/uploads\/2023\/07\/logo-kings-corner-development.svg","contentUrl":"https:\/\/development.kingscorner.es\/wp-content\/uploads\/2023\/07\/logo-kings-corner-development.svg","width":192,"height":42,"caption":"Kings Corner Development"},"image":{"@id":"https:\/\/development.kingscorner.es\/#\/schema\/logo\/image\/"}}]}},"_links":{"self":[{"href":"https:\/\/development.kingscorner.es\/en\/wp-json\/wp\/v2\/pages\/877","targetHints":{"allow":["GET"]}}],"collection":[{"href":"https:\/\/development.kingscorner.es\/en\/wp-json\/wp\/v2\/pages"}],"about":[{"href":"https:\/\/development.kingscorner.es\/en\/wp-json\/wp\/v2\/types\/page"}],"author":[{"embeddable":true,"href":"https:\/\/development.kingscorner.es\/en\/wp-json\/wp\/v2\/users\/1"}],"replies":[{"embeddable":true,"href":"https:\/\/development.kingscorner.es\/en\/wp-json\/wp\/v2\/comments?post=877"}],"version-history":[{"count":67,"href":"https:\/\/development.kingscorner.es\/en\/wp-json\/wp\/v2\/pages\/877\/revisions"}],"predecessor-version":[{"id":3102,"href":"https:\/\/development.kingscorner.es\/en\/wp-json\/wp\/v2\/pages\/877\/revisions\/3102"}],"wp:attachment":[{"href":"https:\/\/development.kingscorner.es\/en\/wp-json\/wp\/v2\/media?parent=877"}],"curies":[{"name":"wp","href":"https:\/\/api.w.org\/{rel}","templated":true}]}}